{"id":798,"date":"2021-05-26T23:35:58","date_gmt":"2021-05-26T21:35:58","guid":{"rendered":"https:\/\/www.zimbed-equines.com\/?page_id=798"},"modified":"2025-03-22T09:08:20","modified_gmt":"2025-03-22T08:08:20","slug":"tatjana-dillinger-dressurkurse-wien","status":"publish","type":"page","link":"https:\/\/www.zimbed-equines.com\/en\/tatjana-dillinger-dressurkurse-wien\/","title":{"rendered":"Kooperationen"},"content":{"rendered":"<div     class=\"vc_row wpb_row section vc_row-fluid  grid_section\" style=' text-align:left;'><div class=\"section_inner clearfix\"><div class='section_inner_margin clearfix'><div class=\"wpb_column vc_column_container vc_col-sm-2\"><div class=\"vc_column-inner\"><div class=\"wpb_wrapper\"><\/div><\/div><\/div><div class=\"wpb_column vc_column_container vc_col-sm-8\"><div class=\"vc_column-inner\"><div class=\"wpb_wrapper\">\n\t<div class=\"wpb_text_column wpb_content_element\">\n\t\t<div class=\"wpb_wrapper\">\n\t\t\t<h1 style=\"text-align: center;\">Less me,<\/h1>\n<h1 style=\"text-align: center;\">more we.<\/h1>\n<p style=\"text-align: center;\"><span style=\"color: #ff533d;\"><strong>&#8212;&#8212;&#8212;<\/strong><\/span><\/p>\n\n\t\t<\/div> \n\t<\/div> \n\t<div class=\"wpb_single_image wpb_content_element vc_align_center  vc_custom_1618169011234\">\n\t\t<div class=\"wpb_wrapper\">\n\t\t\t\n\t\t\t<div class=\"vc_single_image-wrapper   vc_box_border_grey\"><img loading=\"lazy\" decoding=\"async\" width=\"960\" height=\"540\" src=\"https:\/\/www.zimbed-equines.com\/wp-content\/uploads\/2021\/04\/8.jpg\" class=\"vc_single_image-img attachment-full\" alt=\"\" srcset=\"https:\/\/www.zimbed-equines.com\/wp-content\/uploads\/2021\/04\/8.jpg 960w, https:\/\/www.zimbed-equines.com\/wp-content\/uploads\/2021\/04\/8-300x169.jpg 300w, https:\/\/www.zimbed-equines.com\/wp-content\/uploads\/2021\/04\/8-768x432.jpg 768w, https:\/\/www.zimbed-equines.com\/wp-content\/uploads\/2021\/04\/8-700x394.jpg 700w\" sizes=\"auto, (max-width: 960px) 100vw, 960px\" \/><\/div>\n\t\t<\/div>\n\t<\/div>\n\n\t<div class=\"wpb_text_column wpb_content_element  vc_custom_1622064627131\">\n\t\t<div class=\"wpb_wrapper\">\n\t\t\t<p lang=\"de-DE\">Zimbed Equines thrives on the power of many hands, recognizing that success is a collaborative effort. The fusion of diverse expertise creates possibilities beyond individual reach. Ideas flourish when transplanted into fresh minds.<\/p>\n<p lang=\"de-DE\">If genuine passion and a commitment to quality matter to you, welcome home.<\/p>\n\n\t\t<\/div> \n\t<\/div> <\/div><\/div><\/div><div class=\"wpb_column vc_column_container vc_col-sm-2\"><div class=\"vc_column-inner\"><div class=\"wpb_wrapper\"><\/div><\/div><\/div><\/div><\/div><\/div><div     class=\"vc_row wpb_row section vc_row-fluid  grid_section\" style=' text-align:left;'><div class=\"section_inner clearfix\"><div class='section_inner_margin clearfix'><div class=\"wpb_column vc_column_container vc_col-sm-2\"><div class=\"vc_column-inner\"><div class=\"wpb_wrapper\"><\/div><\/div><\/div><div class=\"wpb_column vc_column_container vc_col-sm-8\"><div class=\"vc_column-inner\"><div class=\"wpb_wrapper\">\n\t<div class=\"wpb_text_column wpb_content_element  vc_custom_1622109028821\">\n\t\t<div class=\"wpb_wrapper\">\n\t\t\t<h5 style=\"text-align: center;\">ANNA HAERDTL<\/h5>\n<p style=\"text-align: center;\">Graphik Designerin<\/p>\n\n\t\t<\/div> \n\t<\/div> \n\t<div class=\"wpb_single_image wpb_content_element vc_align_center  vc_custom_1621024905925\">\n\t\t<div class=\"wpb_wrapper\">\n\t\t\t\n\t\t\t<div class=\"vc_single_image-wrapper   vc_box_border_grey\"><img loading=\"lazy\" decoding=\"async\" class=\"vc_single_image-img\" src=\"https:\/\/www.zimbed-equines.com\/wp-content\/uploads\/2021\/05\/20210514-Anna-Haerdtl-Profilfoto-e1621024855865-300x300.jpg\" width=\"300\" height=\"300\" alt=\"20210514 Anna Haerdtl - Profilfoto\" title=\"20210514 Anna Haerdtl - Profilfoto\" \/><\/div>\n\t\t<\/div>\n\t<\/div>\n\n\t<div class=\"wpb_text_column wpb_content_element  vc_custom_1622108958594\">\n\t\t<div class=\"wpb_wrapper\">\n\t\t\t<p style=\"text-align: center;\"><em>\"The soul of effective design is capturing the essence\u2014the heart\u2014of the product and revealing it in its purest form through essential simplicity.\"<\/em><\/p>\n<p style=\"text-align: center;\"><strong><span style=\"color: #ff533d;\">&#8212;&#8212;&#8212;<\/span><\/strong><\/p>\n<p>Anna and I share a longstanding friendship that extends well beyond our mutual passion for horses. As a graphic designer and architect, we both appreciate good design and have a commitment to high-quality aesthetics.<\/p>\n<p>It was a natural choice for the visual concept development and execution of Zimbed Equines to involve Anna. She captured my ideas for the logo, website, and print materials with precision, playfully bringing them to life with her usual professionalism. Integrating Zimbabue's life number, 53, into the Zimbed Equines logo was just one of the many highlights of her work.<\/p>\n<p>If you find yourself in the process of establishing a new professional venture, turn to Anna! As a client of Bureau A\/O, you're in the best hands not only for startups but in every aspect for an optimal initial public presence.<\/p>\n<p style=\"text-align: center;\"><strong><span style=\"color: #ff533d;\">&#8212;&#8212;&#8212;<\/span><\/strong><\/p>\n<p style=\"text-align: center;\"><a href=\"http:\/\/www.bureau-ao.com\" target=\"_blank\" rel=\"noopener\">www.bureau-ao.com<\/a><\/p>\n<p>&nbsp;<\/p>\n\n\t\t<\/div> \n\t<\/div> <\/div><\/div><\/div><div class=\"wpb_column vc_column_container vc_col-sm-2\"><div class=\"vc_column-inner\"><div class=\"wpb_wrapper\"><\/div><\/div><\/div><\/div><\/div><\/div><div     class=\"vc_row wpb_row section vc_row-fluid  grid_section\" style=' text-align:left;'><div class=\"section_inner clearfix\"><div class='section_inner_margin clearfix'><div class=\"wpb_column vc_column_container vc_col-sm-2\"><div class=\"vc_column-inner\"><div class=\"wpb_wrapper\"><\/div><\/div><\/div><div class=\"wpb_column vc_column_container vc_col-sm-8\"><div class=\"vc_column-inner\"><div class=\"wpb_wrapper\">\n\t<div class=\"wpb_text_column wpb_content_element  vc_custom_1621022963570\">\n\t\t<div class=\"wpb_wrapper\">\n\t\t\t<h5 style=\"text-align: center;\">SABRINA REITER<\/h5>\n<p style=\"text-align: center;\">equine photographer<\/p>\n\n\t\t<\/div> \n\t<\/div> \n\t<div class=\"wpb_single_image wpb_content_element vc_align_center  vc_custom_1621021013573\">\n\t\t<div class=\"wpb_wrapper\">\n\t\t\t\n\t\t\t<div class=\"vc_single_image-wrapper   vc_box_border_grey\"><img loading=\"lazy\" decoding=\"async\" class=\"vc_single_image-img\" src=\"https:\/\/www.zimbed-equines.com\/wp-content\/uploads\/2021\/05\/20210514-Sabrina-Reiter-Profilfoto-e1621019978348-300x300.jpg\" width=\"300\" height=\"300\" alt=\"20210514 Sabrina Reiter - Profilfoto\" title=\"20210514 Sabrina Reiter - Profilfoto\" \/><\/div>\n\t\t<\/div>\n\t<\/div>\n\n\t<div class=\"wpb_text_column wpb_content_element  vc_custom_1622125695542\">\n\t\t<div class=\"wpb_wrapper\">\n\t\t\t<p style=\"text-align: center;\"><em>\"Capturing moments through photography and connecting with animals teach you the art of mindful presence, where each instant is a canvas for conscious and sensory awareness. The rest is yours to craft.\"<\/em><\/p>\n<p style=\"text-align: center;\"><strong><span style=\"color: #ff533d;\">&#8212;&#8212;&#8212;<\/span><\/strong><\/p>\n<p>Sabrina's first visit to me was prompted by her call for horse models to expand her portfolio. She was particularly looking for expressive stallions, and it quickly became clear that if not Zimbabue, then who could fulfill this wish!<\/p>\n<p>I must admit, due to my own education in artistic photography, I am very difficult to please when it comes to photography. However, the results of the first shoot quickly dispelled my skepticism. Sabrina's photos were phenomenal\u2014so phenomenal that one of these pictures now adorns one of my walls. Her painterly style, which injects a tremendous amount of emotion into the images, and her talent for capturing the horse's character in a way that is palpable in the picture, completely convinced me.<\/p>\n<p>That's why Sabrina will continue to enrich my website with beautiful photos. A hot tip: take a look at her Instagram account; you'll regularly find excerpts from her work, and sometimes even a giveaway with a bit of luck.<\/p>\n<p style=\"text-align: center;\"><strong><span style=\"color: #ff533d;\">&#8212;&#8212;&#8212;<\/span><\/strong><\/p>\n<p style=\"text-align: center;\"><a href=\"http:\/\/www.simages.at\" target=\"_blank\" rel=\"noopener\">www.simages.at<\/a><\/p>\n<p>&nbsp;<\/p>\n\n\t\t<\/div> \n\t<\/div> <\/div><\/div><\/div><div class=\"wpb_column vc_column_container vc_col-sm-2\"><div class=\"vc_column-inner\"><div class=\"wpb_wrapper\"><\/div><\/div><\/div><\/div><\/div><\/div>","protected":false},"excerpt":{"rendered":"Weniger ich, mehr wir. --------- Da sich ein Knoten mit einer Hand schlecht kn\u00fcpfen l\u00e4sst, baut der Erfolg von Zimbed Equines auf die Tatkraft zweiter H\u00e4nde. Das Zusammenwirken unterschiedlicher Expertisen schafft gemeinsam, was alleine niemals m\u00f6glich w\u00e4re. Oft wachsen Ideen auch besser, wenn man sie...","protected":false},"author":3,"featured_media":0,"parent":0,"menu_order":0,"comment_status":"closed","ping_status":"closed","template":"","meta":{"footnotes":""},"class_list":["post-798","page","type-page","status-publish","hentry"],"_links":{"self":[{"href":"https:\/\/www.zimbed-equines.com\/en\/wp-json\/wp\/v2\/pages\/798","targetHints":{"allow":["GET"]}}],"collection":[{"href":"https:\/\/www.zimbed-equines.com\/en\/wp-json\/wp\/v2\/pages"}],"about":[{"href":"https:\/\/www.zimbed-equines.com\/en\/wp-json\/wp\/v2\/types\/page"}],"author":[{"embeddable":true,"href":"https:\/\/www.zimbed-equines.com\/en\/wp-json\/wp\/v2\/users\/3"}],"replies":[{"embeddable":true,"href":"https:\/\/www.zimbed-equines.com\/en\/wp-json\/wp\/v2\/comments?post=798"}],"version-history":[{"count":80,"href":"https:\/\/www.zimbed-equines.com\/en\/wp-json\/wp\/v2\/pages\/798\/revisions"}],"predecessor-version":[{"id":1727,"href":"https:\/\/www.zimbed-equines.com\/en\/wp-json\/wp\/v2\/pages\/798\/revisions\/1727"}],"wp:attachment":[{"href":"https:\/\/www.zimbed-equines.com\/en\/wp-json\/wp\/v2\/media?parent=798"}],"curies":[{"name":"wp","href":"https:\/\/api.w.org\/{rel}","templated":true}]}}