{"id":52,"date":"2019-09-13T14:50:00","date_gmt":"2019-09-13T12:50:00","guid":{"rendered":"https:\/\/www.zimbed-equines.com\/?page_id=52"},"modified":"2022-10-26T19:44:41","modified_gmt":"2022-10-26T17:44:41","slug":"tatjana-dillinger-dressurtrainerin","status":"publish","type":"page","link":"https:\/\/www.zimbed-equines.com\/en\/tatjana-dillinger-dressurtrainerin\/","title":{"rendered":"Tatjana Dillinger"},"content":{"rendered":"<div     class=\"vc_row wpb_row section vc_row-fluid  grid_section\" style=' text-align:left;'><div class=\" section_inner clearfix\"><div class='section_inner_margin clearfix'><div class=\"wpb_column vc_column_container vc_col-sm-2\"><div class=\"vc_column-inner\"><div class=\"wpb_wrapper\"><\/div><\/div><\/div><div class=\"wpb_column vc_column_container vc_col-sm-8\"><div class=\"vc_column-inner\"><div class=\"wpb_wrapper\">\n\t<div class=\"wpb_text_column wpb_content_element \">\n\t\t<div class=\"wpb_wrapper\">\n\t\t\t<h1 style=\"text-align: center;\">Die Tat unterscheidet<br \/>\ndas Ziel vom Traum.<\/h1>\n<p style=\"text-align: center;\"><span style=\"color: #ff533d;\"><strong>&#8212;&#8212;&#8212;<\/strong><\/span><\/p>\n<h2 style=\"text-align: center;\">Tatjana Dillinger<\/h2>\n\n\t\t<\/div> \n\t<\/div> \n\t<div class=\"wpb_single_image wpb_content_element vc_align_center  vc_custom_1655493622586\">\n\t\t<div class=\"wpb_wrapper\">\n\t\t\t\n\t\t\t<div class=\"vc_single_image-wrapper   vc_box_border_grey\"><img loading=\"lazy\" decoding=\"async\" width=\"2000\" height=\"1333\" src=\"https:\/\/www.zimbed-equines.com\/wp-content\/uploads\/2020\/08\/124-e1597567564567.jpg\" class=\"vc_single_image-img attachment-full\" alt=\"Tatjana Dillinger\" \/><\/div>\n\t\t<\/div>\n\t<\/div>\n\n\t<div class=\"wpb_text_column wpb_content_element  vc_custom_1655494245176\">\n\t\t<div class=\"wpb_wrapper\">\n\t\t\t<h2 style=\"text-align: center;\">Tatjana Dillinger<\/h2>\n<p><span class='q_dropcap normal' style=' color: #ff533d;'>I<\/span>ch bin in Mu\u0308nchen geboren und aufgewachsen. In meiner Familie konnte niemand viel mit Pferden anfangen, deshalb musste ich mir meinen Traum vom Reiten und vom eigenen Pferd hart erk\u00e4mpfen. Schon als Kind verschlang ich Fachbu\u0308cher u\u0308ber Dressurreiten, studierte Dressurlektionen bis ins letzte Detail und feilte \u201etrocken\u201c \u2013 ohne Pferd! &#8211; im abgesteckten Viereck unseres Gartens an meinen Pru\u0308fungsaufgaben. Mit 10 Jahren war es endlich soweit: Ich durfte meine erste richtige Reitstunde absolvieren. Von da an verfolgte ich stundenlang und in jeder freien Minute die Arbeit der fortgeschrittenen ReiterInnen mit ihren Pferden. Ich wollte einfach alles wissen!<\/p>\n<h2 style=\"text-align: center;\">Tatjana Dillinger<\/h2>\n\n\t\t<\/div> \n\t<\/div> <div     class=\"vc_row wpb_row vc_inner section vc_row-fluid\" style=' text-align:left;'><div class=\" full_section_inner clearfix\"><div class=\"wpb_column vc_column_container vc_col-sm-6\"><div class=\"vc_column-inner\"><div class=\"wpb_wrapper\">\n\t<div class=\"wpb_single_image wpb_content_element vc_align_center  vc_custom_1655494681832\">\n\t\t<div class=\"wpb_wrapper\">\n\t\t\t\n\t\t\t<div class=\"vc_single_image-wrapper   vc_box_border_grey\"><img loading=\"lazy\" decoding=\"async\" width=\"1333\" height=\"2000\" src=\"https:\/\/www.zimbed-equines.com\/wp-content\/uploads\/2019\/09\/EOS5D_3944.jpg\" class=\"vc_single_image-img attachment-full\" alt=\"Tatjana Dillinger\" srcset=\"https:\/\/www.zimbed-equines.com\/wp-content\/uploads\/2019\/09\/EOS5D_3944.jpg 1333w, https:\/\/www.zimbed-equines.com\/wp-content\/uploads\/2019\/09\/EOS5D_3944-200x300.jpg 200w, https:\/\/www.zimbed-equines.com\/wp-content\/uploads\/2019\/09\/EOS5D_3944-768x1152.jpg 768w, https:\/\/www.zimbed-equines.com\/wp-content\/uploads\/2019\/09\/EOS5D_3944-682x1024.jpg 682w, https:\/\/www.zimbed-equines.com\/wp-content\/uploads\/2019\/09\/EOS5D_3944-700x1050.jpg 700w, https:\/\/www.zimbed-equines.com\/wp-content\/uploads\/2019\/09\/EOS5D_3944-1100x1650.jpg 1100w\" sizes=\"auto, (max-width: 1333px) 100vw, 1333px\" \/><\/div>\n\t\t<\/div>\n\t<\/div>\n<\/div><\/div><\/div><div class=\"wpb_column vc_column_container vc_col-sm-6\"><div class=\"vc_column-inner\"><div class=\"wpb_wrapper\">\n\t<div class=\"wpb_single_image wpb_content_element vc_align_center  vc_custom_1655494965700\">\n\t\t<div class=\"wpb_wrapper\">\n\t\t\t\n\t\t\t<div class=\"vc_single_image-wrapper   vc_box_border_grey\"><img loading=\"lazy\" decoding=\"async\" width=\"667\" height=\"1000\" src=\"https:\/\/www.zimbed-equines.com\/wp-content\/uploads\/2019\/09\/6M1A7199b_web.png\" class=\"vc_single_image-img attachment-full\" alt=\"Tatjana Dillinger\" srcset=\"https:\/\/www.zimbed-equines.com\/wp-content\/uploads\/2019\/09\/6M1A7199b_web.png 667w, https:\/\/www.zimbed-equines.com\/wp-content\/uploads\/2019\/09\/6M1A7199b_web-200x300.png 200w\" sizes=\"auto, (max-width: 667px) 100vw, 667px\" \/><\/div>\n\t\t<\/div>\n\t<\/div>\n<\/div><\/div><\/div><\/div><\/div>\n\t<div class=\"wpb_text_column wpb_content_element  vc_custom_1655494264240\">\n\t\t<div class=\"wpb_wrapper\">\n\t\t\t<h2 style=\"text-align: center;\">Tatjana Dillinger<\/h2>\n<p>Schnell zeigte sich, dass ich besondere Antennen auch fu\u0308r schwierige Pferde hatte, und so lie\u00dfen verschiedene Angebote au\u00dferhalb der Reitschule nicht lange auf sich warten. Dieser Umstand und die Tatsache, dass ich als Schu\u0308lerin nur u\u0308ber sehr begrenzte finanzielle Mittel verfu\u0308gte, erkl\u00e4rt auch, warum mein Weg eher autodidaktisch gepr\u00e4gt war &#8211; ohne wirklich beeindruckende LehrerInnen, aber mit unz\u00e4hligen gro\u00dfartigen Pferden! Diese Zeit, in der ich mit verschiedensten Pferden ganz auf mich allein gestellt gearbeitet habe, pr\u00e4gt mich bis heute. Ich bin absolut sicher, dass diese einzigartigen Erfahrungen und diese charakterstarken Pferde den Pferdemenschen aus mir gemacht haben, der ich heute bin.<\/p>\n<h2 style=\"text-align: center;\">Tatjana Dillinger<\/h2>\n\n\t\t<\/div> \n\t<\/div> \n\t<div class=\"wpb_single_image wpb_content_element vc_align_center  vc_custom_1597525298397\">\n\t\t<div class=\"wpb_wrapper\">\n\t\t\t\n\t\t\t<div class=\"vc_single_image-wrapper   vc_box_border_grey\"><img loading=\"lazy\" decoding=\"async\" width=\"1200\" height=\"800\" src=\"https:\/\/www.zimbed-equines.com\/wp-content\/uploads\/2019\/11\/DSC8155_LR.jpg\" class=\"vc_single_image-img attachment-full\" alt=\"\" srcset=\"https:\/\/www.zimbed-equines.com\/wp-content\/uploads\/2019\/11\/DSC8155_LR.jpg 1200w, https:\/\/www.zimbed-equines.com\/wp-content\/uploads\/2019\/11\/DSC8155_LR-300x200.jpg 300w, https:\/\/www.zimbed-equines.com\/wp-content\/uploads\/2019\/11\/DSC8155_LR-768x512.jpg 768w, https:\/\/www.zimbed-equines.com\/wp-content\/uploads\/2019\/11\/DSC8155_LR-1024x683.jpg 1024w, https:\/\/www.zimbed-equines.com\/wp-content\/uploads\/2019\/11\/DSC8155_LR-700x467.jpg 700w, https:\/\/www.zimbed-equines.com\/wp-content\/uploads\/2019\/11\/DSC8155_LR-1100x733.jpg 1100w\" sizes=\"auto, (max-width: 1200px) 100vw, 1200px\" \/><\/div>\n\t\t<\/div>\n\t<\/div>\n\n\t<div class=\"wpb_text_column wpb_content_element  vc_custom_1655494282031\">\n\t\t<div class=\"wpb_wrapper\">\n\t\t\t<h2 style=\"text-align: center;\">Tatjana Dillinger<\/h2>\n<p>Meine Faszination gilt jedoch nicht nur der Reitkunst in Form des Dressurreitens, sondern auch der Bildenden Kunst in all ihren Auspr\u00e4gungen. Beiden gemeinsam ist der kreative Prozess, die Suche nach Harmonie und \u00c4sthetik. Flei\u00df und das Streben nach Perfektion werden mit ausdrucksstarker Sch\u00f6nheit belohnt. Da ich immer beiden Tr\u00e4umen &#8211; der Reitkunst und der Bildenden Kunst &#8211; in meinem Leben Raum geben wollte, arbeite ich heute als Architektin, Reitlehrerin und ku\u0308nstlerische Fotografin.<\/p>\n<h2 style=\"text-align: center;\">Tatjana Dillinger<\/h2>\n\n\t\t<\/div> \n\t<\/div> <div     class=\"vc_row wpb_row vc_inner section vc_row-fluid\" style=' text-align:left;'><div class=\" full_section_inner clearfix\"><div class=\"wpb_column vc_column_container vc_col-sm-6\"><div class=\"vc_column-inner\"><div class=\"wpb_wrapper\">\n\t<div class=\"wpb_single_image wpb_content_element vc_align_center  vc_custom_1597525311803\">\n\t\t<div class=\"wpb_wrapper\">\n\t\t\t\n\t\t\t<div class=\"vc_single_image-wrapper   vc_box_border_grey\"><img loading=\"lazy\" decoding=\"async\" width=\"2014\" height=\"2015\" src=\"https:\/\/www.zimbed-equines.com\/wp-content\/uploads\/2019\/09\/2a.jpg\" class=\"vc_single_image-img attachment-full\" alt=\"\" srcset=\"https:\/\/www.zimbed-equines.com\/wp-content\/uploads\/2019\/09\/2a.jpg 2014w, https:\/\/www.zimbed-equines.com\/wp-content\/uploads\/2019\/09\/2a-150x150.jpg 150w, https:\/\/www.zimbed-equines.com\/wp-content\/uploads\/2019\/09\/2a-300x300.jpg 300w, https:\/\/www.zimbed-equines.com\/wp-content\/uploads\/2019\/09\/2a-768x768.jpg 768w, https:\/\/www.zimbed-equines.com\/wp-content\/uploads\/2019\/09\/2a-1024x1024.jpg 1024w, https:\/\/www.zimbed-equines.com\/wp-content\/uploads\/2019\/09\/2a-550x550.jpg 550w, https:\/\/www.zimbed-equines.com\/wp-content\/uploads\/2019\/09\/2a-500x500.jpg 500w, https:\/\/www.zimbed-equines.com\/wp-content\/uploads\/2019\/09\/2a-1000x1000.jpg 1000w, https:\/\/www.zimbed-equines.com\/wp-content\/uploads\/2019\/09\/2a-700x700.jpg 700w, https:\/\/www.zimbed-equines.com\/wp-content\/uploads\/2019\/09\/2a-1100x1101.jpg 1100w\" sizes=\"auto, (max-width: 2014px) 100vw, 2014px\" \/><\/div>\n\t\t<\/div>\n\t<\/div>\n<\/div><\/div><\/div><div class=\"wpb_column vc_column_container vc_col-sm-6\"><div class=\"vc_column-inner\"><div class=\"wpb_wrapper\">\n\t<div class=\"wpb_single_image wpb_content_element vc_align_center  vc_custom_1597525321641\">\n\t\t<div class=\"wpb_wrapper\">\n\t\t\t\n\t\t\t<div class=\"vc_single_image-wrapper   vc_box_border_grey\"><img loading=\"lazy\" decoding=\"async\" width=\"855\" height=\"860\" src=\"https:\/\/www.zimbed-equines.com\/wp-content\/uploads\/2019\/09\/zimbed-equines_tatjana-dillinger5.jpg\" class=\"vc_single_image-img attachment-full\" alt=\"\" srcset=\"https:\/\/www.zimbed-equines.com\/wp-content\/uploads\/2019\/09\/zimbed-equines_tatjana-dillinger5.jpg 855w, https:\/\/www.zimbed-equines.com\/wp-content\/uploads\/2019\/09\/zimbed-equines_tatjana-dillinger5-150x150.jpg 150w, https:\/\/www.zimbed-equines.com\/wp-content\/uploads\/2019\/09\/zimbed-equines_tatjana-dillinger5-298x300.jpg 298w, https:\/\/www.zimbed-equines.com\/wp-content\/uploads\/2019\/09\/zimbed-equines_tatjana-dillinger5-768x772.jpg 768w, https:\/\/www.zimbed-equines.com\/wp-content\/uploads\/2019\/09\/zimbed-equines_tatjana-dillinger5-700x704.jpg 700w\" sizes=\"auto, (max-width: 855px) 100vw, 855px\" \/><\/div>\n\t\t<\/div>\n\t<\/div>\n<\/div><\/div><\/div><\/div><\/div>\n\t<div class=\"wpb_single_image wpb_content_element vc_align_center  vc_custom_1573935607867\">\n\t\t<div class=\"wpb_wrapper\">\n\t\t\t\n\t\t\t<a class=\"prettyphoto\" rel=\"prettyPhoto[rel-52-3277145947]\" data-rel=\"prettyPhoto[rel-52-3250284246]\" href=\"https:\/\/www.zimbed-equines.com\/wp-content\/uploads\/2019\/11\/icons_zimbed.png\" target=\"_self\"><div class=\"vc_single_image-wrapper   vc_box_border_grey\"><img loading=\"lazy\" decoding=\"async\" class=\"vc_single_image-img \" src=\"https:\/\/www.zimbed-equines.com\/wp-content\/uploads\/2019\/11\/icons_zimbed-40x18.png\" width=\"40\" height=\"18\" alt=\"icons_zimbed\" title=\"icons_zimbed\" \/><\/div><\/a>\n\t\t<\/div>\n\t<\/div>\n\n\t<div class=\"wpb_text_column wpb_content_element  vc_custom_1573936927323\">\n\t\t<div class=\"wpb_wrapper\">\n\t\t\t<blockquote>\n<p style=\"text-align: center;\"><span class=\"blackbig\">Kunst<\/span> ist eine <span class=\"black\">Vermittlerin<\/span> des <span class=\"blackbig\">Unaussprechlichen.<\/span><\/p>\n<p style=\"text-align: center;\"><strong><span style=\"color: #ff533d;\">&#8212;&#8212;&#8212;<\/span><\/strong><\/p>\n<blockquote>\n<blockquote>\n<h6 style=\"text-align: center;\">J. W. von Goethe<\/h6>\n<\/blockquote>\n<blockquote><p>\n&nbsp;\n<\/p><\/blockquote>\n<\/blockquote>\n<\/blockquote>\n\n\t\t<\/div> \n\t<\/div> \n\t<div class=\"wpb_single_image wpb_content_element vc_align_center  vc_custom_1597525352121\">\n\t\t<div class=\"wpb_wrapper\">\n\t\t\t\n\t\t\t<div class=\"vc_single_image-wrapper   vc_box_border_grey\"><img loading=\"lazy\" decoding=\"async\" width=\"2000\" height=\"1333\" src=\"https:\/\/www.zimbed-equines.com\/wp-content\/uploads\/2019\/09\/IMG_2238-Bearbeitet_web.jpg\" class=\"vc_single_image-img attachment-full\" alt=\"\" srcset=\"https:\/\/www.zimbed-equines.com\/wp-content\/uploads\/2019\/09\/IMG_2238-Bearbeitet_web.jpg 2000w, https:\/\/www.zimbed-equines.com\/wp-content\/uploads\/2019\/09\/IMG_2238-Bearbeitet_web-300x200.jpg 300w, https:\/\/www.zimbed-equines.com\/wp-content\/uploads\/2019\/09\/IMG_2238-Bearbeitet_web-768x512.jpg 768w, https:\/\/www.zimbed-equines.com\/wp-content\/uploads\/2019\/09\/IMG_2238-Bearbeitet_web-1024x682.jpg 1024w, https:\/\/www.zimbed-equines.com\/wp-content\/uploads\/2019\/09\/IMG_2238-Bearbeitet_web-700x467.jpg 700w, https:\/\/www.zimbed-equines.com\/wp-content\/uploads\/2019\/09\/IMG_2238-Bearbeitet_web-1100x733.jpg 1100w\" sizes=\"auto, (max-width: 2000px) 100vw, 2000px\" \/><\/div>\n\t\t<\/div>\n\t<\/div>\n\n\t<div class=\"wpb_text_column wpb_content_element  vc_custom_1655494296959\">\n\t\t<div class=\"wpb_wrapper\">\n\t\t\t<h5 style=\"text-align: center;\">Fragst du dein Pferd<\/h5>\n<h5 style=\"text-align: center;\"><em>oder<\/em><\/h5>\n<h5 style=\"text-align: center;\">darf dein Pferd auch Fragen stellen?<\/h5>\n<p>Mit <a href=\"https:\/\/www.zimbed-equines.com\/zimbabue-deckhengst-lusitano-graz\/\">Zimbabue<\/a> habe ich an meine turniersportlichen Erfolge aus der Reitschulzeit angeknu\u0308pft und nehme heute \u201emit Pferd\u201c aktiv an Dressurpru\u0308fungen der schweren Klasse teil. Mein Ziel, Zimbabue selbst nach bestem Wissen und Gewissen von der Grundausbildung bis zum Grand Prix Niveau zu fu\u0308hren, habe ich erreicht, obwohl ich mich manchmal frage, wer hier eigentlich wen ausgebildet hat?!<\/p>\n<p>Meine eigene Fortbildung bestand in den letzten Jahren vorwiegend in praktischem Einzelunterricht bei <a href=\"https:\/\/www.artisticdressage.com\/\" target=\"_blank\" rel=\"noopener\">Dr. Thomas Ritter.<\/a> Anregungen f\u00fcr meine Arbeit, in Form von Werthaltungen und philosophischen \u00dcberlegungen, hole ich mir bei Ausbildern wie <a href=\"https:\/\/www.manolomendezdressage.com\/\" target=\"_blank\" rel=\"noopener\">Manolo Mendez,<\/a> <a href=\"https:\/\/www.anjaberan.de\/\" target=\"_blank\" rel=\"noopener\">Anja Beran,<\/a> <a href=\"https:\/\/www.julievonbismarck.com\/about\/\" target=\"_blank\" rel=\"noopener\">Julie Bismarck,<\/a> <a href=\"https:\/\/www.instagram.com\/alizeefroment\/?hl=de\" target=\"_blank\" rel=\"noopener\">Aliz\u00e9e Froment<\/a> oder <a href=\"https:\/\/www.ingrid-klimke.de\/\" target=\"_blank\" rel=\"noopener\">Ingrid Klimke.<\/a> Trotzdem ist bis heute mein Pferd mein allergr\u00f6\u00dfter Lehrer geblieben! Die Herausforderungen, denen wir uns stellen mussten, hatten weniger mit dem Reiten oder der Technik an sich zu tun als mit unserer Beziehung und der Kommunikation zwischen uns und konnten auch nur dort gel\u00f6st werden.<\/p>\n<h2 style=\"text-align: center;\">Tatjana Dillinger<\/h2>\n\n\t\t<\/div> \n\t<\/div> <div     class=\"vc_row wpb_row vc_inner section vc_row-fluid\" style=' text-align:left;'><div class=\" full_section_inner clearfix\"><div class=\"wpb_column vc_column_container vc_col-sm-6\"><div class=\"vc_column-inner\"><div class=\"wpb_wrapper\">\n\t<div class=\"wpb_single_image wpb_content_element vc_align_center  vc_custom_1649447289034\">\n\t\t<div class=\"wpb_wrapper\">\n\t\t\t\n\t\t\t<div class=\"vc_single_image-wrapper   vc_box_border_grey\"><img loading=\"lazy\" decoding=\"async\" class=\"vc_single_image-img \" src=\"https:\/\/www.zimbed-equines.com\/wp-content\/uploads\/2022\/04\/Unbenannt-5-350x250.jpg\" width=\"350\" height=\"250\" alt=\"Unbenannt-5\" title=\"Unbenannt-5\" \/><\/div>\n\t\t<\/div>\n\t<\/div>\n<\/div><\/div><\/div><div class=\"wpb_column vc_column_container vc_col-sm-6\"><div class=\"vc_column-inner\"><div class=\"wpb_wrapper\">\n\t<div class=\"wpb_single_image wpb_content_element vc_align_center  vc_custom_1649447274128\">\n\t\t<div class=\"wpb_wrapper\">\n\t\t\t\n\t\t\t<div class=\"vc_single_image-wrapper   vc_box_border_grey\"><img loading=\"lazy\" decoding=\"async\" class=\"vc_single_image-img \" src=\"https:\/\/www.zimbed-equines.com\/wp-content\/uploads\/2022\/04\/P1030131-scaled-350x250.jpg\" width=\"350\" height=\"250\" alt=\"P1030131\" title=\"P1030131\" \/><\/div>\n\t\t<\/div>\n\t<\/div>\n<\/div><\/div><\/div><\/div><\/div>\n\t<div class=\"wpb_text_column wpb_content_element  vc_custom_1655494315456\">\n\t\t<div class=\"wpb_wrapper\">\n\t\t\t<h2 style=\"text-align: center;\">Tatjana Dillinger<\/h2>\n<p>Ein neben meinen sportlichen Erfolgen erw\u00e4hnenswertes Highlight meines reiterlichen Weges war f\u00fcr mich die Arbeit auf der <a href=\"http:\/\/www.horsing.org\/article-1274-1.html\" target=\"_blank\" rel=\"noopener\">Brother Fortune Ranch<\/a> in China, die es mir erm\u00f6glichte als Teil eines internationalen Teams einen Beitrag zur Vermarktung des Lusitanos \u00fcber die Grenzen Europas hinaus zu leisten und unvergessliche Eindr\u00fccke mit nach Hause zu nehmen.<\/p>\n<h2 style=\"text-align: center;\">Tatjana Dillinger<\/h2>\n\n\t\t<\/div> \n\t<\/div> <div     class=\"vc_row wpb_row vc_inner section vc_row-fluid\" style=' text-align:left;'><div class=\" full_section_inner clearfix\"><div class=\"wpb_column vc_column_container vc_col-sm-6\"><div class=\"vc_column-inner\"><div class=\"wpb_wrapper\">\n\t<div class=\"wpb_single_image wpb_content_element vc_align_center  vc_custom_1649445731082\">\n\t\t<div class=\"wpb_wrapper\">\n\t\t\t\n\t\t\t<div class=\"vc_single_image-wrapper   vc_box_border_grey\"><img loading=\"lazy\" decoding=\"async\" class=\"vc_single_image-img \" src=\"https:\/\/www.zimbed-equines.com\/wp-content\/uploads\/2022\/04\/FB_IMG_1649444980436-350x250.jpg\" width=\"350\" height=\"250\" alt=\"FB_IMG_1649444980436\" title=\"FB_IMG_1649444980436\" \/><\/div>\n\t\t<\/div>\n\t<\/div>\n<\/div><\/div><\/div><div class=\"wpb_column vc_column_container vc_col-sm-6\"><div class=\"vc_column-inner\"><div class=\"wpb_wrapper\">\n\t<div class=\"wpb_single_image wpb_content_element vc_align_center  vc_custom_1649445813078\">\n\t\t<div class=\"wpb_wrapper\">\n\t\t\t\n\t\t\t<div class=\"vc_single_image-wrapper   vc_box_border_grey\"><img loading=\"lazy\" decoding=\"async\" class=\"vc_single_image-img \" src=\"https:\/\/www.zimbed-equines.com\/wp-content\/uploads\/2022\/04\/FB_IMG_1649445017958-350x250.jpg\" width=\"350\" height=\"250\" alt=\"FB_IMG_1649445017958\" title=\"FB_IMG_1649445017958\" \/><\/div>\n\t\t<\/div>\n\t<\/div>\n<\/div><\/div><\/div><\/div><\/div>\n\t<div class=\"wpb_single_image wpb_content_element vc_align_center  vc_custom_1573935619698\">\n\t\t<div class=\"wpb_wrapper\">\n\t\t\t\n\t\t\t<div class=\"vc_single_image-wrapper   vc_box_border_grey\"><img loading=\"lazy\" decoding=\"async\" class=\"vc_single_image-img \" src=\"https:\/\/www.zimbed-equines.com\/wp-content\/uploads\/2019\/11\/icons_zimbed-40x18.png\" width=\"40\" height=\"18\" alt=\"icons_zimbed\" title=\"icons_zimbed\" \/><\/div>\n\t\t<\/div>\n\t<\/div>\n\n\t<div class=\"wpb_text_column wpb_content_element  vc_custom_1573936141473\">\n\t\t<div class=\"wpb_wrapper\">\n\t\t\t<blockquote>\n<p style=\"text-align: center;\">Es muss <span class=\"black\">von<\/span> <span class=\"blackbig\">Herzen<\/span> kommen, was <span class=\"black\">auf<\/span> <span class=\"blackbig\">Herzen<\/span> wirken soll.<\/p>\n<p style=\"text-align: center;\"><span style=\"color: #ff533d;\">&#8212;&#8212;&#8212;<\/span><\/p>\n<blockquote>\n<blockquote>\n<h6 style=\"text-align: center;\">J. W. von Goethe<\/h6>\n<\/blockquote>\n<blockquote><p>\n&nbsp;\n<\/p><\/blockquote>\n<\/blockquote>\n<\/blockquote>\n\n\t\t<\/div> \n\t<\/div> <div     class=\"vc_row wpb_row vc_inner section vc_row-fluid\" style=' text-align:left;'><div class=\" full_section_inner clearfix\"><div class=\"wpb_column vc_column_container vc_col-sm-6\"><div class=\"vc_column-inner\"><div class=\"wpb_wrapper\">\n\t<div class=\"wpb_single_image wpb_content_element vc_align_center  vc_custom_1601214326632\">\n\t\t<div class=\"wpb_wrapper\">\n\t\t\t\n\t\t\t<div class=\"vc_single_image-wrapper   vc_box_border_grey\"><img loading=\"lazy\" decoding=\"async\" width=\"533\" height=\"800\" src=\"https:\/\/www.zimbed-equines.com\/wp-content\/uploads\/2020\/09\/SIM_3013-e1601214287794.jpg\" class=\"vc_single_image-img attachment-full\" alt=\"\" \/><\/div>\n\t\t<\/div>\n\t<\/div>\n<\/div><\/div><\/div><div class=\"wpb_column vc_column_container vc_col-sm-6\"><div class=\"vc_column-inner\"><div class=\"wpb_wrapper\">\n\t<div class=\"wpb_single_image wpb_content_element vc_align_center  vc_custom_1597525368523\">\n\t\t<div class=\"wpb_wrapper\">\n\t\t\t\n\t\t\t<div class=\"vc_single_image-wrapper   vc_box_border_grey\"><img loading=\"lazy\" decoding=\"async\" width=\"800\" height=\"1200\" src=\"https:\/\/www.zimbed-equines.com\/wp-content\/uploads\/2019\/11\/IMG_2084-Bearbeitet_web_LR.jpg\" class=\"vc_single_image-img attachment-full\" alt=\"\" srcset=\"https:\/\/www.zimbed-equines.com\/wp-content\/uploads\/2019\/11\/IMG_2084-Bearbeitet_web_LR.jpg 800w, https:\/\/www.zimbed-equines.com\/wp-content\/uploads\/2019\/11\/IMG_2084-Bearbeitet_web_LR-200x300.jpg 200w, https:\/\/www.zimbed-equines.com\/wp-content\/uploads\/2019\/11\/IMG_2084-Bearbeitet_web_LR-768x1152.jpg 768w, https:\/\/www.zimbed-equines.com\/wp-content\/uploads\/2019\/11\/IMG_2084-Bearbeitet_web_LR-683x1024.jpg 683w, https:\/\/www.zimbed-equines.com\/wp-content\/uploads\/2019\/11\/IMG_2084-Bearbeitet_web_LR-700x1050.jpg 700w\" sizes=\"auto, (max-width: 800px) 100vw, 800px\" \/><\/div>\n\t\t<\/div>\n\t<\/div>\n<\/div><\/div><\/div><\/div><\/div>\n\t<div class=\"wpb_text_column wpb_content_element  vc_custom_1655494332310\">\n\t\t<div class=\"wpb_wrapper\">\n\t\t\t<h2 style=\"text-align: center;\">Tatjana Dillinger<\/h2>\n<p>Wie so oft im Leben war mein Weg zur Ausbilderin nicht geplant, sondern hat sich ergeben. Ich bin dem Ruf meines Herzens gefolgt und kann heute den qualit\u00e4tvollen Unterricht in kleinem Rahmen anbieten, den ich mir selbst immer gew\u00fcnscht habe. Ich liebe die Arbeit mit meinen Sch\u00fclerInnen und empfinde sie als gro\u00dfe Bereicherung, nicht zuletzt weil auch sie zu gro\u00dfen LehrmeisterInnen f\u00fcr mich geworden sind.<\/p>\n<p>Mit Zimbabue habe ich alles Ertr\u00e4umte in die Tat umgesetzt. Deshalb ist es heute f\u00fcr mich pers\u00f6nlich weniger der Wunsch nach sportlichem Erfolg, der mich jeden Tag aufsitzen l\u00e4sst, als die st\u00e4ndige Suche nach diesem speziellen Gl\u00fcck in der Verbundenheit mit meinem Pferd: Das bestimmt heute meinen Weg als Reitk\u00fcnstlerin! Man k\u00f6nnte auch sagen, ich habe gelernt das Ergebnis zu feiern, aber den Weg zu lieben!<\/p>\n<h2 style=\"text-align: center;\">Tatjana Dillinger<\/h2>\n\n\t\t<\/div> \n\t<\/div> \n\t<div class=\"wpb_single_image wpb_content_element vc_align_center  vc_custom_1597525388816\">\n\t\t<div class=\"wpb_wrapper\">\n\t\t\t\n\t\t\t<div class=\"vc_single_image-wrapper   vc_box_border_grey\"><img loading=\"lazy\" decoding=\"async\" width=\"2048\" height=\"1362\" src=\"https:\/\/www.zimbed-equines.com\/wp-content\/uploads\/2019\/09\/received_1397044183645391.jpeg\" class=\"vc_single_image-img attachment-full\" alt=\"\" srcset=\"https:\/\/www.zimbed-equines.com\/wp-content\/uploads\/2019\/09\/received_1397044183645391.jpeg 2048w, https:\/\/www.zimbed-equines.com\/wp-content\/uploads\/2019\/09\/received_1397044183645391-300x200.jpeg 300w, https:\/\/www.zimbed-equines.com\/wp-content\/uploads\/2019\/09\/received_1397044183645391-768x511.jpeg 768w, https:\/\/www.zimbed-equines.com\/wp-content\/uploads\/2019\/09\/received_1397044183645391-1024x681.jpeg 1024w, https:\/\/www.zimbed-equines.com\/wp-content\/uploads\/2019\/09\/received_1397044183645391-700x466.jpeg 700w, https:\/\/www.zimbed-equines.com\/wp-content\/uploads\/2019\/09\/received_1397044183645391-1100x732.jpeg 1100w\" sizes=\"auto, (max-width: 2048px) 100vw, 2048px\" \/><\/div>\n\t\t<\/div>\n\t<\/div>\n<\/div><\/div><\/div><div class=\"wpb_column vc_column_container vc_col-sm-2\"><div class=\"vc_column-inner\"><div class=\"wpb_wrapper\"><\/div><\/div><\/div><\/div><\/div><\/div><div     class=\"vc_row wpb_row section vc_row-fluid \" style=' text-align:left;'><div class=\" full_section_inner clearfix\"><div class=\"wpb_column vc_column_container vc_col-sm-12\"><div class=\"vc_column-inner\"><div class=\"wpb_wrapper\">\n\t<div class=\"wpb_text_column wpb_content_element \">\n\t\t<div class=\"wpb_wrapper\">\n\t\t\t\n\t\t<\/div> \n\t<\/div> <\/div><\/div><\/div><\/div><\/div>\n","protected":false},"excerpt":{"rendered":"Die Tat unterscheidet das Ziel vom Traum. --------- Tatjana Dillinger Tatjana Dillinger Ich bin in Mu\u0308nchen geboren und aufgewachsen. In meiner Familie konnte niemand viel mit Pferden anfangen, deshalb musste ich mir meinen Traum vom Reiten und vom eigenen Pferd hart erk\u00e4mpfen. Schon als Kind...","protected":false},"author":1,"featured_media":0,"parent":0,"menu_order":0,"comment_status":"closed","ping_status":"closed","template":"","meta":{"footnotes":""},"class_list":["post-52","page","type-page","status-publish","hentry"],"_links":{"self":[{"href":"https:\/\/www.zimbed-equines.com\/en\/wp-json\/wp\/v2\/pages\/52","targetHints":{"allow":["GET"]}}],"collection":[{"href":"https:\/\/www.zimbed-equines.com\/en\/wp-json\/wp\/v2\/pages"}],"about":[{"href":"https:\/\/www.zimbed-equines.com\/en\/wp-json\/wp\/v2\/types\/page"}],"author":[{"embeddable":true,"href":"https:\/\/www.zimbed-equines.com\/en\/wp-json\/wp\/v2\/users\/1"}],"replies":[{"embeddable":true,"href":"https:\/\/www.zimbed-equines.com\/en\/wp-json\/wp\/v2\/comments?post=52"}],"version-history":[{"count":91,"href":"https:\/\/www.zimbed-equines.com\/en\/wp-json\/wp\/v2\/pages\/52\/revisions"}],"predecessor-version":[{"id":1417,"href":"https:\/\/www.zimbed-equines.com\/en\/wp-json\/wp\/v2\/pages\/52\/revisions\/1417"}],"wp:attachment":[{"href":"https:\/\/www.zimbed-equines.com\/en\/wp-json\/wp\/v2\/media?parent=52"}],"curies":[{"name":"wp","href":"https:\/\/api.w.org\/{rel}","templated":true}]}}