{"id":110,"date":"2019-09-14T00:20:28","date_gmt":"2019-09-13T22:20:28","guid":{"rendered":"https:\/\/www.zimbed-equines.com\/?page_id=110"},"modified":"2024-01-07T13:18:29","modified_gmt":"2024-01-07T12:18:29","slug":"agb","status":"publish","type":"page","link":"https:\/\/www.zimbed-equines.com\/en\/agb\/","title":{"rendered":"terms &amp; conditions"},"content":{"rendered":"<h5><strong>Allgemeine Gesch\u00e4ftsbedingungen (AGB) Zimbed Equines<\/strong><\/h5>\n<p>&nbsp;<\/p>\n<p>Inhaberin DI Tatjana Dillinger<\/p>\n<p>&nbsp;<\/p>\n<p><strong>1. Geltungsbereich<\/strong><\/p>\n<p>Die nachstehenden AGB gelten f\u00fcr alle Angebote und Leistungen von Zimbed Equines inkl. Website, Shop, Social Media Kan\u00e4le und Newsletter. Die Vertr\u00e4ge \u00fcber Lehreinheiten, wie z.B. die Erteilung von Reitunterricht, Durchf\u00fchrung von Kursen\/Seminaren und Beritt, werden zwischen Tatjana Dillinger (Trainerin) und dem Kunden abgeschlossen. Stehen Bestimmungen zus\u00e4tzlicher Vertr\u00e4ge in Konflikt mit den AGB haben die Bestimmungen der Zusatzvertr\u00e4ge Vorrang. Durch die Inanspruchnahme der Leistungen von Zimbed Equines erkennt der Kunde die AGB verbindlich an.<\/p>\n<p>&nbsp;<\/p>\n<p><strong>2. Anmeldung<\/strong><\/p>\n<p>Vertr\u00e4ge zwischen dem Kunden und Zimbed Equines k\u00f6nnen schriftlich, z.B. per Mail oder per SMS\/Whats App Nachricht, abgeschlossen werden. Schriftliche Zusagen und Vereinbarungen gelten in allen F\u00e4llen als verbindliche Vertragszusage der gebuchten Leistung. Die abgeschlossenen Vertr\u00e4ge k\u00f6nnen nur durch fristgerechte, schriftliche Stornierung aufgehoben werden. Telefonische oder m\u00fcndliche Anmeldungen k\u00f6nnen aus organisatorischen Gr\u00fcnden leider nicht ber\u00fccksichtigt werden. Die Vereinbarung von Terminen f\u00fcr Training und Kurse, sowie die Vereinbarung \u00fcber den Beritt eines Pferdes, erfolgt ausschlie\u00dflich mit Tatjana Dillinger.<\/p>\n<p>&nbsp;<\/p>\n<p><strong>3. Durchf\u00fchrung der Lehreinheiten<\/strong><\/p>\n<p>Der mobile Reitunterricht findet ausschlie\u00dflich auf dem Pferd des Kunden auf der von ihm benannten Reitanlage statt. Die Lehreinheit beginnt mit der Anwesenheit der Trainerin. Die Lehreinheiten dauern max.\u00a0 50min, im Anschluss endet die Lehreinheit. Der Kunde tr\u00e4gt daf\u00fcr Sorge, dass sein Pferd p\u00fcnktlich zu Beginn der Lehreinheit geputzt und in art- und fachgerechterweise gehalftert, getrenst und gesattelt, oder nach Absprache f\u00fcr Arbeit an der Hand oder Arbeit an der Longe ausger\u00fcstet ist. Kann die Lehreinheit durch einen durch den Kunden verursachten Grund erst sp\u00e4ter beginnen, verringert sich die Unterrichtsdauer um diese Zeit. Die Trainerin hat w\u00e4hrend der Dauer der Lehreinheit die Weisungsbefugnis.<\/p>\n<p>&nbsp;<\/p>\n<p><strong>4. Ausr\u00fcstung<\/strong><\/p>\n<p>Reiten ist eine Sportart und ben\u00f6tigt eine passende Ausr\u00fcstung und eine gewisse Kondition und k\u00f6rperliche Konstitution. Jeder Reiter, der an den Lehreinheiten teilnimmt, hat aus sicherheitstechnischen Gr\u00fcnden einen Reithelm zu tragen. F\u00fcr Reiter unter 18 Jahren besteht ausnahmslos Helmpflicht! Die Erziehungsberechtigten werden nicht aus ihrer Aufsichts- und Haftpflicht entlassen. Der Reiter muss entsprechende Reitkleidung tragen, Richtlinie laut \u00d6TO. Der Helm muss den Bestimmungen der \u00d6TO entsprechen und so auf dem Kopf sitzen, dass dieser nicht rutschen kann. Das Tragen der Sicherheitsweste wird empfohlen, beim Springen ist sie Pflicht. F\u00fcr Sch\u00e4den, die aus einer nicht sachgem\u00e4\u00dfen Ausr\u00fcstung resultieren \u00fcbernimmt die Trainerin keinerlei Haftung.<\/p>\n<p>&nbsp;<\/p>\n<p><strong>5. Zahlungsbedingungen<\/strong><\/p>\n<p>Lehreinheiten werden, wenn keine anderen schriftlichen Vereinbarungen getroffen wurden, unmittelbar im Anschluss an die Lehreinheit in bar vor Ort bezahlt. Am Ende des Monats erh\u00e4lt der Kunde der Einfachheit halber eine \u00fcbersichtliche Monatsrechnung \u00fcber alle konsumierten Lehreinheiten des jeweiligen Monats gesamt, auf ausdr\u00fccklichen Wunsch auch in Papierform.<\/p>\n<p>S\u00e4mtliche nicht in diese Regelung fallende von Zimbed Equines gestellte Rechnungen werden ausnahmslos sofort nach Erhalt und \u00dcberpr\u00fcfung ohne Abzug in bar oder per \u00dcberweisung auf angegebenes Konto bezahlt. Im Falle des Zahlungsverzuges hat der Kunde die entstehenden Mahnspesen zuz\u00fcglich Barauslagen pro erfolgter Mahnung sowie anfallende Inkassospesen zu ersetzen.<\/p>\n<p>Es besteht die M\u00f6glichkeit Gutscheine \u00fcber Lehreinheiten zu erwerben. Die G\u00fcltigkeit des Gutscheines besteht auf ein Jahr nach dem Ausstellungsdatum, danach verf\u00e4llt er und kann auch nicht r\u00fcckerstattet werden. Keine Barabl\u00f6sung m\u00f6glich. Der Gutschein ist personalisiert und kann nicht \u00fcbertragen werden.<\/p>\n<p>Vorab bezahlte Reitstunden z.B. 10er Bl\u00f6cke sind ab Bezahlung 6 Monate g\u00fcltig. Jene Einheiten, die aus welchem Grund auch immer nicht in Anspruch genommen werden, verfallen danach ausnahmslos. Die Einheiten k\u00f6nnen weder r\u00fcckverg\u00fctet noch auf andere Personen \u00fcbertragen werden.<\/p>\n<p>&nbsp;<\/p>\n<p><strong>6. Stornierung<\/strong><\/p>\n<p>Die Trainerin ist bestrebt alle Terminw\u00fcnsche im Interesse s\u00e4mtlicher Kunden zu koordinieren. Dies setzt auch voraus, dass der Kunde die Trainerin unverz\u00fcglich telefonisch oder schriftlich informiert, wenn er an der Einhaltung des Termins verhindert ist. Absagen von Lehreinheiten sind sp\u00e4testens 48 Stunden vor Beginn der Einheit bei der Trainerin pers\u00f6nlich vorzunehmen. Ursachenunabh\u00e4ngig wird bei einer Absage von weniger als 48 Stunden vorher, sowie unentschuldigtem Nichterscheinen zu einer Lehreinheit der volle Preis ohne Abzug in Rechnung gestellt, sofern vom Kunden kein angemessener Ersatz gestellt werden kann. Dies gilt auch dann, wenn die Lehreinheit wegen Unbenutzbarkeit der Reitanlage oder aus gesundheitlichen Gr\u00fcnden des Pferdes oder des Kunden, abgesagt wird.<\/p>\n<p>Von der Trainerin abgesagte Trainingseinheiten werden nicht berechnet. Aus einer Absage durch die Trainerin k\u00f6nnen keinerlei Anspr\u00fcche hergeleitet werden.<\/p>\n<p>&nbsp;<\/p>\n<p><strong>7. Haftung<\/strong><\/p>\n<p>Das Konsumieren von Lehreinheiten ist immer freiwillig und erfolgt auf eigene Gefahr. Die Trainerin weist darauf hin, dass sie f\u00fcr Unf\u00e4lle, die im Zusammenhang mit dem Reitunterricht oder dem Beritt eines Pferdes geschehen, eine Haftung nur insoweit \u00fcbernimmt, als hierf\u00fcr Versicherungsschutz besteht bzw. der Schaden auf Vorsatz oder grober Fahrl\u00e4ssigkeit der Trainerin beruht. Das Vorliegen von grober Fahrl\u00e4ssigkeit hat der Gesch\u00e4digte zu beweisen. Sch\u00e4den die durch groben Unfug oder fahrl\u00e4ssigen Umgangs entstehen, bezahlt der Verursacher.<br \/>\nPferde sind Fluchttiere, welche oft unvorhersehbar und unerwartet auf Situationen (z.B. ein wegfliegender Vogel oder eine unbedachte Bewegung eines Zuschauers, pl\u00f6tzlicher L\u00e4rm, usw.) reagieren. Die Trainerin weist darauf hin, dass dieses Risiko durch die fachgerechte Unterweisung der Trainerin lediglich minimierbar, aber nicht vermeidbar ist.<br \/>\nEine Reitlehrerversicherung ist vorhanden. Eine Haftung wird nur im Rahmen dieser Versicherung \u00fcbernommen. Auf Wunsch werden die Bedingungen ausgefolgt bzw. informiert. Jegliche weitere Haftung wird ausgeschlossen. Werden Dritte in irgendeiner Weise gesch\u00e4digt, tritt die eigene Haftpflichtversicherung in Kraft. Eltern haften f\u00fcr Ihre Kinder.<br \/>\nJeder ist f\u00fcr sich und sein Pferd selbst verantwortlich. Die Verantwortung f\u00fcr h\u00f6here Gewalt, Inanspruchnahme f\u00fcr etwaige Drittsch\u00e4den und jede Art von Schadenersatz ist ausgeschlossen. Die Trainerin verspricht keine Erfolgsgarantie f\u00fcr jegliche Angebote.<\/p>\n<p>&nbsp;<\/p>\n<p><strong>8. Urheberrechte<\/strong><\/p>\n<p>Die Teilnehmer sind berechtigt ihre Lehreinheiten zu privaten Zwecken aufzuzeichnen. Das Ver\u00f6ffentlichen auf sozialen Netzwerken oder die Nutzung zu Werbezwecken bedarf allerdings der schriftlichen Zustimmung der Trainerin. Die Trainerin beh\u00e4lt sich das Recht der Erstellung, Ver\u00f6ffentlichung und Nutzung aufgezeichneter Fotos, Video- und Audioaufzeichnungen von Lehreinheiten zu Werbezwecken vor.<br \/>\nDie Wort-Bild-Marke \u201eZimbed Equines\u201c, Fotos, Texte, Zeichnungen, Drucke, Videos, Audios oder sonstige Pr\u00e4sentationsunterlagen und dergleichen bleiben stets das geistige Eigentum der Trainerin. Der Kunde erh\u00e4lt daran keine wie immer gearteten Werknutzungs- oder Verwertungsrechte.<br \/>\nAlle von Zimbed Equines produzierten Ver\u00f6ffentlichungen jeglicher Art sind und bleiben geistiges Eigentum der Trainerin und sind urheberrechtlich gesch\u00fctzt.<\/p>\n<p>&nbsp;<\/p>\n<p><strong>9. Schlussbestimmungen<\/strong><\/p>\n<p>Jede von den vorliegenden AGB abweichende Vereinbarung bedarf f\u00fcr ihre G\u00fcltigkeit der Schriftform. Die AGB werden j\u00e4hrlich \u00fcberarbeitet und an die aktuelle Ist-Situation angepasst. Der Kunde verpflichtet sich die AGB regelm\u00e4\u00dfig auf \u00c4nderungen zu \u00fcberpr\u00fcfen. Diese \u00c4nderungen werden mit Ver\u00f6ffentlichung auf der Website wirksam.<\/p>\n<p>&nbsp;<\/p>\n<p><strong>10. Gerichtsstand<\/strong><\/p>\n<p>Der Gerichtsstand ist Graz.<\/p>\n<p>&nbsp;<\/p>\n<p>Zimbed Equines &#8211; Inhaberin DI Tatjana Dillinger<\/p>","protected":false},"excerpt":{"rendered":"<p>Allgemeine Gesch\u00e4ftsbedingungen (AGB) Zimbed Equines &nbsp; Inhaberin DI Tatjana Dillinger &nbsp; 1. Geltungsbereich Die nachstehenden AGB gelten f\u00fcr alle Angebote und Leistungen von Zimbed Equines inkl. Website, Shop, Social Media Kan\u00e4le und Newsletter. Die Vertr\u00e4ge \u00fcber Lehreinheiten, wie z.B. die Erteilung von Reitunterricht, Durchf\u00fchrung von&#8230;<\/p>","protected":false},"author":1,"featured_media":0,"parent":0,"menu_order":0,"comment_status":"closed","ping_status":"closed","template":"","meta":{"footnotes":""},"class_list":["post-110","page","type-page","status-publish","hentry"],"_links":{"self":[{"href":"https:\/\/www.zimbed-equines.com\/en\/wp-json\/wp\/v2\/pages\/110","targetHints":{"allow":["GET"]}}],"collection":[{"href":"https:\/\/www.zimbed-equines.com\/en\/wp-json\/wp\/v2\/pages"}],"about":[{"href":"https:\/\/www.zimbed-equines.com\/en\/wp-json\/wp\/v2\/types\/page"}],"author":[{"embeddable":true,"href":"https:\/\/www.zimbed-equines.com\/en\/wp-json\/wp\/v2\/users\/1"}],"replies":[{"embeddable":true,"href":"https:\/\/www.zimbed-equines.com\/en\/wp-json\/wp\/v2\/comments?post=110"}],"version-history":[{"count":30,"href":"https:\/\/www.zimbed-equines.com\/en\/wp-json\/wp\/v2\/pages\/110\/revisions"}],"predecessor-version":[{"id":1575,"href":"https:\/\/www.zimbed-equines.com\/en\/wp-json\/wp\/v2\/pages\/110\/revisions\/1575"}],"wp:attachment":[{"href":"https:\/\/www.zimbed-equines.com\/en\/wp-json\/wp\/v2\/media?parent=110"}],"curies":[{"name":"wp","href":"https:\/\/api.w.org\/{rel}","templated":true}]}}