{"id":106,"date":"2019-09-14T00:16:25","date_gmt":"2019-09-13T22:16:25","guid":{"rendered":"https:\/\/www.zimbed-equines.com\/?page_id=106"},"modified":"2023-02-23T18:13:58","modified_gmt":"2023-02-23T17:13:58","slug":"lusitanohengst-zimbabue","status":"publish","type":"page","link":"https:\/\/www.zimbed-equines.com\/en\/lusitanohengst-zimbabue\/","title":{"rendered":"zimbabue - lusitano stallion"},"content":{"rendered":"<div     class=\"vc_row wpb_row section vc_row-fluid  grid_section\" style=' text-align:left;'><div class=\"section_inner clearfix\"><div class='section_inner_margin clearfix'><div class=\"wpb_column vc_column_container vc_col-sm-2\"><div class=\"vc_column-inner\"><div class=\"wpb_wrapper\"><\/div><\/div><\/div><div class=\"wpb_column vc_column_container vc_col-sm-8\"><div class=\"vc_column-inner\"><div class=\"wpb_wrapper\">\n\t<div class=\"wpb_text_column wpb_content_element\">\n\t\t<div class=\"wpb_wrapper\">\n\t\t\t<h1 style=\"text-align: center;\">The right horse<br \/>\nshines in any colour.<\/h1>\n<p style=\"text-align: center;\"><span style=\"color: #ff533d;\"><strong>&#8212;&#8212;&#8212;<\/strong><\/span><\/p>\n<h2 style=\"text-align: center;\">Lusitanohengst<\/h2>\n\n\t\t<\/div> \n\t<\/div> \n\t<div class=\"wpb_single_image wpb_content_element vc_align_center  vc_custom_1655497711924\">\n\t\t<div class=\"wpb_wrapper\">\n\t\t\t\n\t\t\t<div class=\"vc_single_image-wrapper   vc_box_border_grey\"><img loading=\"lazy\" decoding=\"async\" width=\"2000\" height=\"1333\" src=\"https:\/\/www.zimbed-equines.com\/wp-content\/uploads\/2019\/09\/EOS5D_4064.jpg\" class=\"vc_single_image-img attachment-full\" alt=\"Lusitanohengst Zimbabue\" srcset=\"https:\/\/www.zimbed-equines.com\/wp-content\/uploads\/2019\/09\/EOS5D_4064.jpg 2000w, https:\/\/www.zimbed-equines.com\/wp-content\/uploads\/2019\/09\/EOS5D_4064-300x200.jpg 300w, https:\/\/www.zimbed-equines.com\/wp-content\/uploads\/2019\/09\/EOS5D_4064-768x512.jpg 768w, https:\/\/www.zimbed-equines.com\/wp-content\/uploads\/2019\/09\/EOS5D_4064-1024x682.jpg 1024w, https:\/\/www.zimbed-equines.com\/wp-content\/uploads\/2019\/09\/EOS5D_4064-700x467.jpg 700w, https:\/\/www.zimbed-equines.com\/wp-content\/uploads\/2019\/09\/EOS5D_4064-1100x733.jpg 1100w\" sizes=\"auto, (max-width: 2000px) 100vw, 2000px\" \/><\/div>\n\t\t<\/div>\n\t<\/div>\n\n\t<div class=\"wpb_text_column wpb_content_element  vc_custom_1677172268542\">\n\t\t<div class=\"wpb_wrapper\">\n\t\t\t<h2 style=\"text-align: center;\">Lusitanohengst<\/h2>\n<p><span class='q_dropcap normal' style=' color: #ff533d;'>I<\/span>was a typical girl with the dream of having my own horse. I would diligently save my pocket money, and the images in horse market ads were my favorite reads. A Portuguese stallion in dark brown or black was the vision for the distant future. Many years later, long after I thought the dream of owning a horse had faded, there he stood before me! A stallion with that enchanting expression I had always longed for, leaving me with knees as soft as butter.<\/p>\n\n\t\t<\/div> \n\t<\/div> \n\t<div class=\"wpb_text_column wpb_content_element  vc_custom_1573937780677\">\n\t\t<div class=\"wpb_wrapper\">\n\t\t\t<h5 style=\"text-align: center;\">A GRACEFUL GREY STOLE MY HEART!<\/h5>\n\n\t\t<\/div> \n\t<\/div> \n\t<div class=\"wpb_text_column wpb_content_element  vc_custom_1677172277528\">\n\t\t<div class=\"wpb_wrapper\">\n\t\t\t<p>There was something in this horse that felt entirely new to me. Despite his charismatic demeanor and hints of talent, his behavior and lack of basic training painted a picture of utter chaos \u2013 he was a total uncooperative challenge! Nevertheless, I held onto my belief in this exceptionally special horse, and as it turned out, I was right!<\/p>\n<h2 style=\"text-align: center;\">Lusitanohengst<\/h2>\n\n\t\t<\/div> \n\t<\/div> \n\t<div class=\"wpb_single_image wpb_content_element vc_align_center  vc_custom_1655497697148\">\n\t\t<div class=\"wpb_wrapper\">\n\t\t\t\n\t\t\t<div class=\"vc_single_image-wrapper   vc_box_border_grey\"><img loading=\"lazy\" decoding=\"async\" width=\"800\" height=\"1200\" src=\"https:\/\/www.zimbed-equines.com\/wp-content\/uploads\/2021\/11\/SIM_3224-e1636485816211.jpg\" class=\"vc_single_image-img attachment-full\" alt=\"Deckhengst Lusitano Graz\" \/><\/div>\n\t\t<\/div>\n\t<\/div>\n<div     class=\"vc_row wpb_row vc_inner section vc_row-fluid\" style=' text-align:left;'><div class=\"full_section_inner clearfix\"><div class=\"wpb_column vc_column_container vc_col-sm-12\"><div class=\"vc_column-inner\"><div class=\"wpb_wrapper\">\n\t<div class=\"wpb_single_image wpb_content_element vc_align_center  vc_custom_1573937879052\">\n\t\t<div class=\"wpb_wrapper\">\n\t\t\t\n\t\t\t<div class=\"vc_single_image-wrapper   vc_box_border_grey\"><img loading=\"lazy\" decoding=\"async\" class=\"vc_single_image-img\" src=\"https:\/\/www.zimbed-equines.com\/wp-content\/uploads\/2019\/11\/icons_zimbed-40x18.png\" width=\"40\" height=\"18\" alt=\"icons_zimbed\" title=\"icons_zimbed\" \/><\/div>\n\t\t<\/div>\n\t<\/div>\n\n\t<div class=\"wpb_text_column wpb_content_element  vc_custom_1573937865732\">\n\t\t<div class=\"wpb_wrapper\">\n\t\t\t<blockquote>\n<p style=\"text-align: center;\">The more <span class=\"blackbig\">exquisite<\/span> the cut,\nthe brighter <span class=\"black\">the diamond<\/span> shines.<\/p>\n<p style=\"text-align: center;\"><strong><span style=\"color: #ff533d;\">&#8212;&#8212;&#8212;<\/span><\/strong><\/p>\n<\/blockquote>\n<blockquote>\n<h6 style=\"text-align: center;\">Unbekannt<\/h6>\n<\/blockquote>\n<blockquote><p>\n&nbsp;\n<\/p><\/blockquote>\n\n\t\t<\/div> \n\t<\/div> <\/div><\/div><\/div><\/div><\/div>\n\t<div class=\"wpb_text_column wpb_content_element  vc_custom_1677172285272\">\n\t\t<div class=\"wpb_wrapper\">\n\t\t\t<h2 style=\"text-align: center;\">Lusitanohengst<\/h2>\n<p>My relentless ambition and unshakeable belief paved our way to the stallion approval in Wickrath in 2010, where, among a robust field of 14 approved stallions, he secured the 5th position in Germany.<\/p>\n<h5 style=\"text-align: center;\"><\/h5>\n\n\t\t<\/div> \n\t<\/div> \n\t<div class=\"wpb_text_column wpb_content_element  vc_custom_1574527609936\">\n\t\t<div class=\"wpb_wrapper\">\n\t\t\t<h5 style=\"text-align: center;\">a dream horse for life?<\/h5>\n\n\t\t<\/div> \n\t<\/div> \n\t<div class=\"wpb_text_column wpb_content_element  vc_custom_1677172293740\">\n\t\t<div class=\"wpb_wrapper\">\n\t\t\t<p style=\"text-align: left;\">For those familiar with Lusitanos, there's an exciting <a href=\"https:\/\/zuechterforum.com\/de\/news\/2018\/ein-hauch-portugal-in-oldenburg.html\" target=\"_blank\" rel=\"noopener\">pilot project,<\/a>allowing a Lusitano stallion to contribute to Oldenburg breeding. This initiative aims to enhance warmblood quality, particularly in terms of collection, by introducing Lusitano traits. Zimbabue has already showcased his refining qualities in warmblood breeding and is now available for breeding with your mare. What distinguishes him as a breeding stallion is not just his striking appearance but also his unwavering performance, which he generously passes on to his offspring. With an uphill build, natural elevation, and three consistently excellent basic gaits, he exhibits cadenced movements and elasticity beyond the standards of his breed. A modern type, showcasing his prowess in the Piaffe-Passage tour and pirouettes, truly making him a Grand Prix talent.\"<\/p>\n<h2 style=\"text-align: center;\">Lusitanohengst<\/h2>\n\n\t\t<\/div> \n\t<\/div> \n\t<div class=\"wpb_single_image wpb_content_element vc_align_center  vc_custom_1655497681273\">\n\t\t<div class=\"wpb_wrapper\">\n\t\t\t\n\t\t\t<div class=\"vc_single_image-wrapper   vc_box_border_grey\"><img loading=\"lazy\" decoding=\"async\" width=\"1200\" height=\"800\" src=\"https:\/\/www.zimbed-equines.com\/wp-content\/uploads\/2019\/09\/6M1A6785b_web.png\" class=\"vc_single_image-img attachment-full\" alt=\"Deckhengst Lusitano Graz\" srcset=\"https:\/\/www.zimbed-equines.com\/wp-content\/uploads\/2019\/09\/6M1A6785b_web.png 1200w, https:\/\/www.zimbed-equines.com\/wp-content\/uploads\/2019\/09\/6M1A6785b_web-300x200.png 300w, https:\/\/www.zimbed-equines.com\/wp-content\/uploads\/2019\/09\/6M1A6785b_web-768x512.png 768w, https:\/\/www.zimbed-equines.com\/wp-content\/uploads\/2019\/09\/6M1A6785b_web-1024x683.png 1024w, https:\/\/www.zimbed-equines.com\/wp-content\/uploads\/2019\/09\/6M1A6785b_web-700x467.png 700w, https:\/\/www.zimbed-equines.com\/wp-content\/uploads\/2019\/09\/6M1A6785b_web-1100x733.png 1100w\" sizes=\"auto, (max-width: 1200px) 100vw, 1200px\" \/><\/div>\n\t\t<\/div>\n\t<\/div>\n\n\t<div class=\"wpb_text_column wpb_content_element  vc_custom_1573937997237\">\n\t\t<div class=\"wpb_wrapper\">\n\t\t\t<h5 style=\"text-align: center;\">An athlete<\/h5>\n<h5 style=\"text-align: center;\">through and through!<\/h5>\n\n\t\t<\/div> \n\t<\/div> \n\t<div class=\"wpb_text_column wpb_content_element  vc_custom_1677172302799\">\n\t\t<div class=\"wpb_wrapper\">\n\t\t\t<p>From crown to hoof, Zimbabue embodies the essence of a true sportsman! His remarkable performance and character shine brightest in the competitive arena. Undoubtedly, his courage and fearlessness stem from his paternal Veiga lines, steeped in the traditions of bullfighting, renowned for its robust character and exceptional rideability. Zimbabue holds the prestigious approval and registration as a breeding stallion for the Lusitano breed by the Portuguese association, <a href=\"http:\/\/www.cavalo-lusitano.com\/\" target=\"_blank\" rel=\"noopener\">\u201eAssocia\u00e7\u00e3o Portuguesa de Criadores do Cavalo Puro Sangue Lusitano\u201c (APSL)<\/a> This guarantees your foal, born from equally approved Lusitano mares, a complete and authentic APSL paper. Even if, as is often customary in Portugal, you breed from a Thoroughbred or Warmblood mare in Austria, you may not receive a complete pedigree, but you will undoubtedly have a horse with nerves of steel, a strong back, and a high level of willingness to collect!\"<\/p>\n<h2 style=\"text-align: center;\">Lusitanohengst<\/h2>\n\n\t\t<\/div> \n\t<\/div> <div     class=\"vc_row wpb_row vc_inner section vc_row-fluid\" style=' text-align:left;'><div class=\"full_section_inner clearfix\"><div class=\"wpb_column vc_column_container vc_col-sm-6\"><div class=\"vc_column-inner\"><div class=\"wpb_wrapper\">\n\t<div class=\"wpb_single_image wpb_content_element vc_align_center  vc_custom_1655497665087\">\n\t\t<div class=\"wpb_wrapper\">\n\t\t\t\n\t\t\t<div class=\"vc_single_image-wrapper   vc_box_border_grey\"><img loading=\"lazy\" decoding=\"async\" width=\"533\" height=\"800\" src=\"https:\/\/www.zimbed-equines.com\/wp-content\/uploads\/2019\/09\/lusitano_zimbabu50857.jpg\" class=\"vc_single_image-img attachment-full\" alt=\"Deckhengst Lusitano Graz\" srcset=\"https:\/\/www.zimbed-equines.com\/wp-content\/uploads\/2019\/09\/lusitano_zimbabu50857.jpg 533w, https:\/\/www.zimbed-equines.com\/wp-content\/uploads\/2019\/09\/lusitano_zimbabu50857-200x300.jpg 200w\" sizes=\"auto, (max-width: 533px) 100vw, 533px\" \/><\/div>\n\t\t<\/div>\n\t<\/div>\n<\/div><\/div><\/div><div class=\"wpb_column vc_column_container vc_col-sm-6\"><div class=\"vc_column-inner\"><div class=\"wpb_wrapper\">\n\t<div class=\"wpb_single_image wpb_content_element vc_align_center  vc_custom_1655497651715\">\n\t\t<div class=\"wpb_wrapper\">\n\t\t\t\n\t\t\t<div class=\"vc_single_image-wrapper   vc_box_border_grey\"><img loading=\"lazy\" decoding=\"async\" class=\"vc_single_image-img\" src=\"https:\/\/www.zimbed-equines.com\/wp-content\/uploads\/2019\/09\/6M1A6545b_web-533x800.png\" width=\"533\" height=\"800\" alt=\"Deckhengst Lusitano Graz\" title=\"6M1A6545b_web\" \/><\/div>\n\t\t<\/div>\n\t<\/div>\n<\/div><\/div><\/div><\/div><\/div><div     class=\"vc_row wpb_row vc_inner section vc_row-fluid\" style=' text-align:left;'><div class=\"full_section_inner clearfix\"><div class=\"wpb_column vc_column_container vc_col-sm-12\"><div class=\"vc_column-inner\"><div class=\"wpb_wrapper\">\n\t<div class=\"wpb_single_image wpb_content_element vc_align_center  vc_custom_1573938027910\">\n\t\t<div class=\"wpb_wrapper\">\n\t\t\t\n\t\t\t<div class=\"vc_single_image-wrapper   vc_box_border_grey\"><img loading=\"lazy\" decoding=\"async\" class=\"vc_single_image-img\" src=\"https:\/\/www.zimbed-equines.com\/wp-content\/uploads\/2019\/11\/icons_zimbed-40x18.png\" width=\"40\" height=\"18\" alt=\"icons_zimbed\" title=\"icons_zimbed\" \/><\/div>\n\t\t<\/div>\n\t<\/div>\n<\/div><\/div><\/div><\/div><\/div>\n\t<div class=\"wpb_text_column wpb_content_element  vc_custom_1573938039479\">\n\t\t<div class=\"wpb_wrapper\">\n\t\t\t<blockquote>\n<p style=\"text-align: center;\">Turn <span class=\"blackbig\">dreams<\/span> <span class=\"black\">into<\/span> reality!<\/p>\n<p style=\"text-align: center;\"><strong><span style=\"color: #ff533d;\">&#8212;&#8212;&#8212;<\/span><\/strong><\/p>\n<\/blockquote>\n<blockquote>\n<h6 style=\"text-align: center;\">Zimbed Equines<\/h6>\n<\/blockquote>\n<blockquote><p>\n&nbsp;\n<\/p><\/blockquote>\n\n\t\t<\/div> \n\t<\/div> \n\t<div class=\"wpb_single_image wpb_content_element vc_align_center  vc_custom_1655497626984\">\n\t\t<div class=\"wpb_wrapper\">\n\t\t\t\n\t\t\t<div class=\"vc_single_image-wrapper   vc_box_border_grey\"><img loading=\"lazy\" decoding=\"async\" width=\"2000\" height=\"1333\" src=\"https:\/\/www.zimbed-equines.com\/wp-content\/uploads\/2019\/09\/EOS5D_3957.jpg\" class=\"vc_single_image-img attachment-full\" alt=\"Deckhengst Lusitano Graz\" srcset=\"https:\/\/www.zimbed-equines.com\/wp-content\/uploads\/2019\/09\/EOS5D_3957.jpg 2000w, https:\/\/www.zimbed-equines.com\/wp-content\/uploads\/2019\/09\/EOS5D_3957-300x200.jpg 300w, https:\/\/www.zimbed-equines.com\/wp-content\/uploads\/2019\/09\/EOS5D_3957-768x512.jpg 768w, https:\/\/www.zimbed-equines.com\/wp-content\/uploads\/2019\/09\/EOS5D_3957-1024x682.jpg 1024w, https:\/\/www.zimbed-equines.com\/wp-content\/uploads\/2019\/09\/EOS5D_3957-700x467.jpg 700w, https:\/\/www.zimbed-equines.com\/wp-content\/uploads\/2019\/09\/EOS5D_3957-1100x733.jpg 1100w\" sizes=\"auto, (max-width: 2000px) 100vw, 2000px\" \/><\/div>\n\t\t<\/div>\n\t<\/div>\n\n\t<div class=\"wpb_text_column wpb_content_element  vc_custom_1677172321268\">\n\t\t<div class=\"wpb_wrapper\">\n\t\t\t<h2 style=\"text-align: center;\">Lusitanohengst<\/h2>\n<p>Please direct your <a href=\"https:\/\/www.zimbed-equines.com\/en\/kontakt\/\">covering requests<\/a> in a timely manner at the beginning of each year so that scheduling around breeding commitments can be horse-friendly. Mating can be arranged through natural service or fresh semen shipping, with the latter option subject to the number of requests per breeding season. Since 2023, Zimbabue is available for covering in the Porto region of Portugal. As a responsible stallion owner, I reserve the right to decline unsuitable requests for the well-being of the stallion.<\/p>\n<h2 style=\"text-align: center;\">Lusitanohengst<\/h2>\n\n\t\t<\/div> \n\t<\/div> <\/div><\/div><\/div><div class=\"wpb_column vc_column_container vc_col-sm-2\"><div class=\"vc_column-inner\"><div class=\"wpb_wrapper\"><\/div><\/div><\/div><\/div><\/div><\/div>","protected":false},"excerpt":{"rendered":"Ein gutes Pferd hat niemals die falsche Farbe. --------- Lusitanohengst Lusitanohengst Ich war ein typisches M\u00e4dchen mit dem Traum vom eigenen Pferd. Ich legte regelm\u00e4\u00dfig Taschengeld beiseite und die Bilder der Pferdemarkt-Verkaufsanzeigen z\u00e4hlten zu meiner Lieblingslekt\u00fcre, denn ein portugiesischer Hengst in dunkelbraun oder schwarz sollte...","protected":false},"author":1,"featured_media":0,"parent":0,"menu_order":0,"comment_status":"closed","ping_status":"closed","template":"","meta":{"footnotes":""},"class_list":["post-106","page","type-page","status-publish","hentry"],"_links":{"self":[{"href":"https:\/\/www.zimbed-equines.com\/en\/wp-json\/wp\/v2\/pages\/106","targetHints":{"allow":["GET"]}}],"collection":[{"href":"https:\/\/www.zimbed-equines.com\/en\/wp-json\/wp\/v2\/pages"}],"about":[{"href":"https:\/\/www.zimbed-equines.com\/en\/wp-json\/wp\/v2\/types\/page"}],"author":[{"embeddable":true,"href":"https:\/\/www.zimbed-equines.com\/en\/wp-json\/wp\/v2\/users\/1"}],"replies":[{"embeddable":true,"href":"https:\/\/www.zimbed-equines.com\/en\/wp-json\/wp\/v2\/comments?post=106"}],"version-history":[{"count":61,"href":"https:\/\/www.zimbed-equines.com\/en\/wp-json\/wp\/v2\/pages\/106\/revisions"}],"predecessor-version":[{"id":1560,"href":"https:\/\/www.zimbed-equines.com\/en\/wp-json\/wp\/v2\/pages\/106\/revisions\/1560"}],"wp:attachment":[{"href":"https:\/\/www.zimbed-equines.com\/en\/wp-json\/wp\/v2\/media?parent=106"}],"curies":[{"name":"wp","href":"https:\/\/api.w.org\/{rel}","templated":true}]}}