{"id":104,"date":"2019-09-14T00:13:52","date_gmt":"2019-09-13T22:13:52","guid":{"rendered":"https:\/\/www.zimbed-equines.com\/?page_id=104"},"modified":"2022-10-26T19:48:15","modified_gmt":"2022-10-26T17:48:15","slug":"tatjana-dillinger-dressurkurse-dachau","status":"publish","type":"page","link":"https:\/\/www.zimbed-equines.com\/en\/tatjana-dillinger-dressurkurse-dachau\/","title":{"rendered":"athletic goals"},"content":{"rendered":"<div     class=\"vc_row wpb_row section vc_row-fluid  grid_section\" style=' text-align:left;'><div class=\" section_inner clearfix\"><div class='section_inner_margin clearfix'><div class=\"wpb_column vc_column_container vc_col-sm-2\"><div class=\"vc_column-inner\"><div class=\"wpb_wrapper\"><\/div><\/div><\/div><div class=\"wpb_column vc_column_container vc_col-sm-8\"><div class=\"vc_column-inner\"><div class=\"wpb_wrapper\">\n\t<div class=\"wpb_text_column wpb_content_element \">\n\t\t<div class=\"wpb_wrapper\">\n\t\t\t<h1 style=\"text-align: center;\">Erfolgreich<br \/>\nmit gutem Gewissen?<\/h1>\n<p style=\"text-align: center;\"><span style=\"color: #ff533d;\"><strong>&#8212;&#8212;&#8212;<\/strong><\/span><\/p>\n<h1 style=\"text-align: center;\"><span style=\"color: #ffffff;\">Dressurkurse Dachau<\/span><\/h1>\n\n\t\t<\/div> \n\t<\/div> \n\t<div class=\"wpb_single_image wpb_content_element vc_align_center  vc_custom_1650367900941\">\n\t\t<div class=\"wpb_wrapper\">\n\t\t\t\n\t\t\t<div class=\"vc_single_image-wrapper   vc_box_border_grey\"><img loading=\"lazy\" decoding=\"async\" width=\"1200\" height=\"800\" src=\"https:\/\/www.zimbed-equines.com\/wp-content\/uploads\/2019\/11\/IMG_9097_LR.jpg\" class=\"vc_single_image-img attachment-full\" alt=\"Dressurkurse Dachau\" srcset=\"https:\/\/www.zimbed-equines.com\/wp-content\/uploads\/2019\/11\/IMG_9097_LR.jpg 1200w, https:\/\/www.zimbed-equines.com\/wp-content\/uploads\/2019\/11\/IMG_9097_LR-300x200.jpg 300w, https:\/\/www.zimbed-equines.com\/wp-content\/uploads\/2019\/11\/IMG_9097_LR-768x512.jpg 768w, https:\/\/www.zimbed-equines.com\/wp-content\/uploads\/2019\/11\/IMG_9097_LR-1024x683.jpg 1024w, https:\/\/www.zimbed-equines.com\/wp-content\/uploads\/2019\/11\/IMG_9097_LR-700x467.jpg 700w, https:\/\/www.zimbed-equines.com\/wp-content\/uploads\/2019\/11\/IMG_9097_LR-1100x733.jpg 1100w\" sizes=\"auto, (max-width: 1200px) 100vw, 1200px\" \/><\/div>\n\t\t<\/div>\n\t<\/div>\n\n\t<div class=\"wpb_text_column wpb_content_element  vc_custom_1650368231328\">\n\t\t<div class=\"wpb_wrapper\">\n\t\t\t<p><span class='q_dropcap normal' style=' color: #ff533d;'>L<\/span>eider hat auch der Pferdesport seine Schattenseiten: Wenn ich an die negativen Bilder und Schlagzeilen rund um gro\u00dfe Pferdesport-Events denke, k\u00f6nnte man fast glauben, viele VeranstalterInnen, ReiterInnen, TrainerInnen, Stewards und RichterInnen h\u00e4tten Scheuklappen auf, und ich stelle mir regelm\u00e4\u00dfig die Frage, wie kann das sein?<\/p>\n<p>Dieser Mangel an ethischer Verantwortung zeigt sich nicht nur im Spitzensport, auch im Freizeitbereich ist Pferdsein nicht immer sch\u00f6n. Falsche Beratung, schlechte Vorbilder und fehlendes Wissen f\u00fchren zu einem Umgang mit dem Pferd, der ihm Schaden und Leid zuf\u00fcgt. Beginnt nicht der Sport und die damit verbundene Verantwortung dem Pferd gegen\u00fcber schon mit dem Aufsitzen eines Reiters?<\/p>\n<h2 style=\"text-align: center;\"><span style=\"color: #ffffff;\">Dressurkurse Dachau<\/span><\/h2>\n\n\t\t<\/div> \n\t<\/div> <div     class=\"vc_row wpb_row vc_inner section vc_row-fluid\" style=' text-align:left;'><div class=\" full_section_inner clearfix\"><div class=\"wpb_column vc_column_container vc_col-sm-6\"><div class=\"vc_column-inner\"><div class=\"wpb_wrapper\">\n\t<div class=\"wpb_single_image wpb_content_element vc_align_center  vc_custom_1650368251227\">\n\t\t<div class=\"wpb_wrapper\">\n\t\t\t\n\t\t\t<div class=\"vc_single_image-wrapper   vc_box_border_grey\"><img loading=\"lazy\" decoding=\"async\" width=\"800\" height=\"1200\" src=\"https:\/\/www.zimbed-equines.com\/wp-content\/uploads\/2019\/11\/IMG_3790_web_LR.jpg\" class=\"vc_single_image-img attachment-full\" alt=\"Dressurkurse Dachau\" srcset=\"https:\/\/www.zimbed-equines.com\/wp-content\/uploads\/2019\/11\/IMG_3790_web_LR.jpg 800w, https:\/\/www.zimbed-equines.com\/wp-content\/uploads\/2019\/11\/IMG_3790_web_LR-200x300.jpg 200w, https:\/\/www.zimbed-equines.com\/wp-content\/uploads\/2019\/11\/IMG_3790_web_LR-768x1152.jpg 768w, https:\/\/www.zimbed-equines.com\/wp-content\/uploads\/2019\/11\/IMG_3790_web_LR-683x1024.jpg 683w, https:\/\/www.zimbed-equines.com\/wp-content\/uploads\/2019\/11\/IMG_3790_web_LR-700x1050.jpg 700w\" sizes=\"auto, (max-width: 800px) 100vw, 800px\" \/><\/div>\n\t\t<\/div>\n\t<\/div>\n<\/div><\/div><\/div><div class=\"wpb_column vc_column_container vc_col-sm-6\"><div class=\"vc_column-inner\"><div class=\"wpb_wrapper\">\n\t<div class=\"wpb_single_image wpb_content_element vc_align_center  vc_custom_1650368259787\">\n\t\t<div class=\"wpb_wrapper\">\n\t\t\t\n\t\t\t<div class=\"vc_single_image-wrapper   vc_box_border_grey\"><img loading=\"lazy\" decoding=\"async\" width=\"800\" height=\"1200\" src=\"https:\/\/www.zimbed-equines.com\/wp-content\/uploads\/2019\/11\/2015-05-03-20.11.14_LR.png\" class=\"vc_single_image-img attachment-full\" alt=\"Dressurkurse Dachau\" srcset=\"https:\/\/www.zimbed-equines.com\/wp-content\/uploads\/2019\/11\/2015-05-03-20.11.14_LR.png 800w, https:\/\/www.zimbed-equines.com\/wp-content\/uploads\/2019\/11\/2015-05-03-20.11.14_LR-200x300.png 200w, https:\/\/www.zimbed-equines.com\/wp-content\/uploads\/2019\/11\/2015-05-03-20.11.14_LR-768x1152.png 768w, https:\/\/www.zimbed-equines.com\/wp-content\/uploads\/2019\/11\/2015-05-03-20.11.14_LR-683x1024.png 683w, https:\/\/www.zimbed-equines.com\/wp-content\/uploads\/2019\/11\/2015-05-03-20.11.14_LR-700x1050.png 700w\" sizes=\"auto, (max-width: 800px) 100vw, 800px\" \/><\/div>\n\t\t<\/div>\n\t<\/div>\n<\/div><\/div><\/div><\/div><\/div>\n\t<div class=\"wpb_single_image wpb_content_element vc_align_center  vc_custom_1573937469976\">\n\t\t<div class=\"wpb_wrapper\">\n\t\t\t\n\t\t\t<a class=\"prettyphoto\" rel=\"prettyPhoto[rel-104-3320149632]\" data-rel=\"prettyPhoto[rel-104-358183063]\" href=\"https:\/\/www.zimbed-equines.com\/wp-content\/uploads\/2019\/11\/icons_zimbed.png\" target=\"_self\"><div class=\"vc_single_image-wrapper   vc_box_border_grey\"><img loading=\"lazy\" decoding=\"async\" class=\"vc_single_image-img \" src=\"https:\/\/www.zimbed-equines.com\/wp-content\/uploads\/2019\/11\/icons_zimbed-40x18.png\" width=\"40\" height=\"18\" alt=\"icons_zimbed\" title=\"icons_zimbed\" \/><\/div><\/a>\n\t\t<\/div>\n\t<\/div>\n\n\t<div class=\"wpb_text_column wpb_content_element  vc_custom_1573937490122\">\n\t\t<div class=\"wpb_wrapper\">\n\t\t\t<blockquote>\n<p style=\"text-align: center;\">Ich ersuche <span class=\"blackbig\">Reiter,<\/span> (\u2026) ihre <span class=\"black\">Tiere<\/span> zu betrachten,<br \/>\nwenn sie <span class=\"black\">nach getaner<\/span> <span class=\"blackbig\">Arbeit<\/span> absitzen.<br \/>\nSchauen Sie ihnen in die <span class=\"blackbig\">Augen<\/span> und <span class=\"black\">pr\u00fcfen Sie ihr<\/span> <span class=\"blackbig\">Gewissen,<\/span><br \/>\nob Sie das <span class=\"black\">Pferd,<\/span> (\u2026), <span class=\"blackbig\">gut<\/span> <span class=\"black\">behandelt<\/span> haben.<\/p>\n<blockquote>\n<blockquote>\n<blockquote>\n<p style=\"text-align: center;\"><strong><span style=\"color: #ff533d;\">&#8212;&#8212;&#8212;<\/span><\/strong><\/p>\n<\/blockquote>\n<blockquote>\n<h6 style=\"text-align: center;\">Nuno Oliveira<\/h6>\n<\/blockquote>\n<blockquote><p>\n&nbsp;\n<\/p><\/blockquote>\n<\/blockquote>\n<\/blockquote>\n\n\t\t<\/div> \n\t<\/div> \n\t<div class=\"wpb_text_column wpb_content_element  vc_custom_1650367199318\">\n\t\t<div class=\"wpb_wrapper\">\n\t\t\t<p>Bleiben wir noch kurz beim Spitzensport. Neben unz\u00e4hligen Negativbeispielen gibt es Gott sei Dank auch besonders positive Beispiele, wie <a href=\"https:\/\/www.ingrid-klimke.de\/\" target=\"_blank\" rel=\"noopener\">Ingrid Klimke,<\/a> die zeigen, dass pferdegerechte Ausbildung und Spitzenpl\u00e4tze in mehreren, verschiedenen Sparten kein Widerspruch sind. Mit meiner Arbeit m\u00f6chte ich zu einem Wandel und zum Umdenken im Pferdesport beitragen. Ich m\u00f6chte zeigen und beweisen, dass eine Zusammenarbeit zwischen Mensch und Pferd, die von der Freude an der Sache f\u00fcr beide PartnerInnen, der Bildung des Reiters und ehrlicher Ausbildung getragen ist, automatisch auch zu sportlichem Erfolg f\u00fchrt. Daher sind mir Bildung und Aufkl\u00e4rung des Reiters bzw. der Reiterin ein Herzensanliegen.<\/p>\n\n\t\t<\/div> \n\t<\/div> <div     class=\"vc_row wpb_row vc_inner section vc_row-fluid\" style=' text-align:left;'><div class=\" full_section_inner clearfix\"><div class=\"wpb_column vc_column_container vc_col-sm-6\"><div class=\"vc_column-inner\"><div class=\"wpb_wrapper\">\n\t<div class=\"wpb_single_image wpb_content_element vc_align_center  vc_custom_1650367534725\">\n\t\t<div class=\"wpb_wrapper\">\n\t\t\t\n\t\t\t<div class=\"vc_single_image-wrapper   vc_box_border_grey\"><img loading=\"lazy\" decoding=\"async\" width=\"750\" height=\"1126\" src=\"https:\/\/www.zimbed-equines.com\/wp-content\/uploads\/2019\/09\/zimbed-equines_tatjana-ziele6.jpg\" class=\"vc_single_image-img attachment-full\" alt=\"Dressurkurse Dachau\" srcset=\"https:\/\/www.zimbed-equines.com\/wp-content\/uploads\/2019\/09\/zimbed-equines_tatjana-ziele6.jpg 750w, https:\/\/www.zimbed-equines.com\/wp-content\/uploads\/2019\/09\/zimbed-equines_tatjana-ziele6-200x300.jpg 200w, https:\/\/www.zimbed-equines.com\/wp-content\/uploads\/2019\/09\/zimbed-equines_tatjana-ziele6-682x1024.jpg 682w, https:\/\/www.zimbed-equines.com\/wp-content\/uploads\/2019\/09\/zimbed-equines_tatjana-ziele6-700x1051.jpg 700w\" sizes=\"auto, (max-width: 750px) 100vw, 750px\" \/><\/div>\n\t\t<\/div>\n\t<\/div>\n<\/div><\/div><\/div><div class=\"wpb_column vc_column_container vc_col-sm-6\"><div class=\"vc_column-inner\"><div class=\"wpb_wrapper\">\n\t<div class=\"wpb_single_image wpb_content_element vc_align_center  vc_custom_1650367561388\">\n\t\t<div class=\"wpb_wrapper\">\n\t\t\t\n\t\t\t<div class=\"vc_single_image-wrapper   vc_box_border_grey\"><img loading=\"lazy\" decoding=\"async\" width=\"750\" height=\"1126\" src=\"https:\/\/www.zimbed-equines.com\/wp-content\/uploads\/2019\/09\/zimbed-equines_tatjana-ziele5.jpg\" class=\"vc_single_image-img attachment-full\" alt=\"Dressurkurse Dachau\" srcset=\"https:\/\/www.zimbed-equines.com\/wp-content\/uploads\/2019\/09\/zimbed-equines_tatjana-ziele5.jpg 750w, https:\/\/www.zimbed-equines.com\/wp-content\/uploads\/2019\/09\/zimbed-equines_tatjana-ziele5-200x300.jpg 200w, https:\/\/www.zimbed-equines.com\/wp-content\/uploads\/2019\/09\/zimbed-equines_tatjana-ziele5-682x1024.jpg 682w, https:\/\/www.zimbed-equines.com\/wp-content\/uploads\/2019\/09\/zimbed-equines_tatjana-ziele5-700x1051.jpg 700w\" sizes=\"auto, (max-width: 750px) 100vw, 750px\" \/><\/div>\n\t\t<\/div>\n\t<\/div>\n<\/div><\/div><\/div><\/div><\/div>\n\t<div class=\"wpb_text_column wpb_content_element  vc_custom_1573937613163\">\n\t\t<div class=\"wpb_wrapper\">\n\t\t\t<p>Es muss ohne Shows und Maschinen gehen! Ich w\u00fcnsche mir Pferde, die stolz und in Vollendung ihres Potenzials ihren Reiter tragen. Pferde, die \u00fcber das Dressurviereck schweben, Pferd und ReiterIn eine untrennbare Einheit von maximaler Sch\u00f6nheit und Harmonie. Die Bewegung des Pferdes als Ausdruck des Gleichklangs zweier Herzen.<\/p>\n\n\t\t<\/div> \n\t<\/div> \n\t<div class=\"wpb_text_column wpb_content_element  vc_custom_1650367237302\">\n\t\t<div class=\"wpb_wrapper\">\n\t\t\t<h5 style=\"text-align: center;\"><a href=\"https:\/\/www.zimbed-equines.com\/vision\/\">Federleicht statt Tonnenschwer!<\/a><\/h5>\n\n\t\t<\/div> \n\t<\/div> \n\t<div class=\"wpb_text_column wpb_content_element  vc_custom_1573937687288\">\n\t\t<div class=\"wpb_wrapper\">\n\t\t\t<p>Bringen wir gemeinsam dieses Reiten zur\u00fcck auf die Turnierpl\u00e4tze und lasst uns diese harmonische Verbundenheit wieder st\u00e4rker genie\u00dfen! Bist du bereit?<\/p>\n\n\t\t<\/div> \n\t<\/div> \n\t<div class=\"wpb_single_image wpb_content_element vc_align_center  vc_custom_1650367596285\">\n\t\t<div class=\"wpb_wrapper\">\n\t\t\t\n\t\t\t<div class=\"vc_single_image-wrapper   vc_box_border_grey\"><img loading=\"lazy\" decoding=\"async\" width=\"1103\" height=\"951\" src=\"https:\/\/www.zimbed-equines.com\/wp-content\/uploads\/2019\/09\/zimbed-equines_tatjana-ziele4.jpg\" class=\"vc_single_image-img attachment-full\" alt=\"Dressurkurse Dachau\" srcset=\"https:\/\/www.zimbed-equines.com\/wp-content\/uploads\/2019\/09\/zimbed-equines_tatjana-ziele4.jpg 1103w, https:\/\/www.zimbed-equines.com\/wp-content\/uploads\/2019\/09\/zimbed-equines_tatjana-ziele4-300x259.jpg 300w, https:\/\/www.zimbed-equines.com\/wp-content\/uploads\/2019\/09\/zimbed-equines_tatjana-ziele4-768x662.jpg 768w, https:\/\/www.zimbed-equines.com\/wp-content\/uploads\/2019\/09\/zimbed-equines_tatjana-ziele4-1024x883.jpg 1024w, https:\/\/www.zimbed-equines.com\/wp-content\/uploads\/2019\/09\/zimbed-equines_tatjana-ziele4-700x604.jpg 700w, https:\/\/www.zimbed-equines.com\/wp-content\/uploads\/2019\/09\/zimbed-equines_tatjana-ziele4-1100x948.jpg 1100w\" sizes=\"auto, (max-width: 1103px) 100vw, 1103px\" \/><\/div>\n\t\t<\/div>\n\t<\/div>\n<\/div><\/div><\/div><div class=\"wpb_column vc_column_container vc_col-sm-2\"><div class=\"vc_column-inner\"><div class=\"wpb_wrapper\"><\/div><\/div><\/div><\/div><\/div><\/div><div     class=\"vc_row wpb_row section vc_row-fluid \" style=' text-align:left;'><div class=\" full_section_inner clearfix\"><div class=\"wpb_column vc_column_container vc_col-sm-12\"><div class=\"vc_column-inner\"><div class=\"wpb_wrapper\">\n\t<div class=\"wpb_text_column wpb_content_element \">\n\t\t<div class=\"wpb_wrapper\">\n\t\t\t<\/blockquote>\n\n\t\t<\/div> \n\t<\/div> <\/div><\/div><\/div><\/div><\/div>\n","protected":false},"excerpt":{"rendered":"Erfolgreich mit gutem Gewissen? --------- Dressurkurse Dachau Leider hat auch der Pferdesport seine Schattenseiten: Wenn ich an die negativen Bilder und Schlagzeilen rund um gro\u00dfe Pferdesport-Events denke, k\u00f6nnte man fast glauben, viele VeranstalterInnen, ReiterInnen, TrainerInnen, Stewards und RichterInnen h\u00e4tten Scheuklappen auf, und ich stelle mir...","protected":false},"author":1,"featured_media":0,"parent":0,"menu_order":0,"comment_status":"closed","ping_status":"closed","template":"","meta":{"footnotes":""},"class_list":["post-104","page","type-page","status-publish","hentry"],"_links":{"self":[{"href":"https:\/\/www.zimbed-equines.com\/en\/wp-json\/wp\/v2\/pages\/104","targetHints":{"allow":["GET"]}}],"collection":[{"href":"https:\/\/www.zimbed-equines.com\/en\/wp-json\/wp\/v2\/pages"}],"about":[{"href":"https:\/\/www.zimbed-equines.com\/en\/wp-json\/wp\/v2\/types\/page"}],"author":[{"embeddable":true,"href":"https:\/\/www.zimbed-equines.com\/en\/wp-json\/wp\/v2\/users\/1"}],"replies":[{"embeddable":true,"href":"https:\/\/www.zimbed-equines.com\/en\/wp-json\/wp\/v2\/comments?post=104"}],"version-history":[{"count":40,"href":"https:\/\/www.zimbed-equines.com\/en\/wp-json\/wp\/v2\/pages\/104\/revisions"}],"predecessor-version":[{"id":1303,"href":"https:\/\/www.zimbed-equines.com\/en\/wp-json\/wp\/v2\/pages\/104\/revisions\/1303"}],"wp:attachment":[{"href":"https:\/\/www.zimbed-equines.com\/en\/wp-json\/wp\/v2\/media?parent=104"}],"curies":[{"name":"wp","href":"https:\/\/api.w.org\/{rel}","templated":true}]}}